{"id":13744,"date":"2025-10-28T12:28:10","date_gmt":"2025-10-28T11:28:10","guid":{"rendered":"https:\/\/www.mitjamarato.barcelona\/sitemap\/"},"modified":"2026-01-26T17:19:34","modified_gmt":"2026-01-26T16:19:34","slug":"sitemap","status":"publish","type":"page","link":"https:\/\/www.mitjamarato.barcelona\/en\/sitemap\/","title":{"rendered":"Sitemap"},"content":{"rendered":"\t\t<div data-elementor-type=\"wp-page\" data-elementor-id=\"13744\" class=\"elementor elementor-13744 elementor-216\" data-elementor-post-type=\"page\">\n\t\t\t\t<div class=\"elementor-element elementor-element-3f26b13 e-con-full e-flex e-con e-parent\" data-id=\"3f26b13\" data-element_type=\"container\" data-e-type=\"container\" data-settings=\"{&quot;background_background&quot;:&quot;classic&quot;}\">\n\t\t<div class=\"elementor-element elementor-element-b2807ea e-con-full e-flex e-con e-child\" data-id=\"b2807ea\" data-element_type=\"container\" data-e-type=\"container\">\n\t\t\t\t<div class=\"elementor-element elementor-element-3494718 elementor-widget elementor-widget-heading\" data-id=\"3494718\" data-element_type=\"widget\" data-e-type=\"widget\" data-widget_type=\"heading.default\">\n\t\t\t\t\t<h1 class=\"elementor-heading-title elementor-size-default\">Sitemap<\/h1>\t\t\t\t<\/div>\n\t\t<div class=\"elementor-element elementor-element-51345f2 e-con-full e-flex e-con e-child\" data-id=\"51345f2\" data-element_type=\"container\" data-e-type=\"container\">\n\t\t\t\t<div class=\"elementor-element elementor-element-a45b5ef elementor-widget-divider--view-line elementor-widget elementor-widget-divider\" data-id=\"a45b5ef\" data-element_type=\"widget\" data-e-type=\"widget\" data-widget_type=\"divider.default\">\n\t\t\t\t\t\t\t<div class=\"elementor-divider\">\n\t\t\t<span class=\"elementor-divider-separator\">\n\t\t\t\t\t\t<\/span>\n\t\t<\/div>\n\t\t\t\t\t\t<\/div>\n\t\t\t\t<div class=\"elementor-element elementor-element-6afe896 elementor-widget elementor-widget-sitemap\" data-id=\"6afe896\" data-element_type=\"widget\" data-e-type=\"widget\" data-widget_type=\"sitemap.default\">\n\t\t\t\t\t<div class=\"elementor-sitemap-wrap\"><div class=\"elementor-sitemap-section\"><h2 class=\"elementor-sitemap-title elementor-sitemap-page-title\">Pages<\/h2><ul class=\"elementor-sitemap-list elementor-sitemap-page-list\"><li class=\"elementor-sitemap-item elementor-sitemap-item-page page_item page-item-13924\"><a href=\"https:\/\/www.mitjamarato.barcelona\/en\/i-am-a-runner\/aditional-services\/\">Aditional Services<\/a><\/li><li class=\"elementor-sitemap-item elementor-sitemap-item-page page_item page-item-13781\"><a href=\"https:\/\/www.mitjamarato.barcelona\/en\/app-policy\/\">App Policy<\/a><\/li><li class=\"elementor-sitemap-item elementor-sitemap-item-page page_item page-item-13899\"><a href=\"https:\/\/www.mitjamarato.barcelona\/en\/i-am-a-runner\/bib-number-pick-up\/\">Bib number pick up<\/a><\/li><li class=\"elementor-sitemap-item elementor-sitemap-item-page page_item page-item-13682\"><a href=\"https:\/\/www.mitjamarato.barcelona\/en\/event\/citizen-information\/\">Citizen information<\/a><\/li><li class=\"elementor-sitemap-item elementor-sitemap-item-page page_item page-item-13837\"><a href=\"https:\/\/www.mitjamarato.barcelona\/en\/i-am-a-runner\/cloakroom\/\">Cloakroom<\/a><\/li><li class=\"elementor-sitemap-item elementor-sitemap-item-page page_item page-item-13665\"><a href=\"https:\/\/www.mitjamarato.barcelona\/en\/contact\/\">Contact<\/a><\/li><li class=\"elementor-sitemap-item elementor-sitemap-item-page page_item page-item-13787\"><a href=\"https:\/\/www.mitjamarato.barcelona\/en\/cookies-policy\/\">Cookies policy<\/a><\/li><li class=\"elementor-sitemap-item elementor-sitemap-item-page page_item page-item-13903\"><a href=\"https:\/\/www.mitjamarato.barcelona\/en\/i-am-a-runner\/course\/\">Course<\/a><\/li><li class=\"elementor-sitemap-item elementor-sitemap-item-page page_item page-item-13668\"><a href=\"https:\/\/www.mitjamarato.barcelona\/en\/event\/\">Event<\/a><\/li><li class=\"elementor-sitemap-item elementor-sitemap-item-page page_item page-item-13820\"><a href=\"https:\/\/www.mitjamarato.barcelona\/en\/i-am-a-runner\/runners-fair-expo-sports\/expositor-area\/\">Exhibitor Area<\/a><\/li><li class=\"elementor-sitemap-item elementor-sitemap-item-page page_item page-item-13929\"><a href=\"https:\/\/www.mitjamarato.barcelona\/en\/i-am-a-runner\/frequently-asked-questions\/\">Frequently asked questions<\/a><\/li><li class=\"elementor-sitemap-item elementor-sitemap-item-page page_item page-item-13811\"><a href=\"https:\/\/www.mitjamarato.barcelona\/en\/history\/\">History<\/a><\/li><li class=\"elementor-sitemap-item elementor-sitemap-item-page page_item page-item-13625\"><a href=\"https:\/\/www.mitjamarato.barcelona\/en\/\">Home<\/a><\/li><li class=\"elementor-sitemap-item elementor-sitemap-item-page page_item page-item-14971\"><a href=\"https:\/\/www.mitjamarato.barcelona\/en\/home-2\/\">Home &#8211; Web raceday<\/a><\/li><li class=\"elementor-sitemap-item elementor-sitemap-item-page page_item page-item-13742\"><a href=\"https:\/\/www.mitjamarato.barcelona\/en\/hotspots\/\">Hotspots<\/a><\/li><li class=\"elementor-sitemap-item elementor-sitemap-item-page page_item page-item-13669\"><a href=\"https:\/\/www.mitjamarato.barcelona\/en\/event\/how-to-get-to-the-race\/\">How to get to the race<\/a><\/li><li class=\"elementor-sitemap-item elementor-sitemap-item-page page_item page-item-13808\"><a href=\"https:\/\/www.mitjamarato.barcelona\/en\/i-am-a-runner\/\">I am a runner<\/a><\/li><li class=\"elementor-sitemap-item elementor-sitemap-item-page page_item page-item-13654\"><a href=\"https:\/\/www.mitjamarato.barcelona\/en\/legal-notice\/\">Legal notice<\/a><\/li><li class=\"elementor-sitemap-item elementor-sitemap-item-page page_item page-item-13750\"><a href=\"https:\/\/www.mitjamarato.barcelona\/en\/marketplace\/\">Marketplace<\/a><\/li><li class=\"elementor-sitemap-item elementor-sitemap-item-page page_item page-item-13752 current_page_parent\"><a href=\"https:\/\/www.mitjamarato.barcelona\/en\/news\/\">News<\/a><\/li><li class=\"elementor-sitemap-item elementor-sitemap-item-page page_item page-item-13773\"><a href=\"https:\/\/www.mitjamarato.barcelona\/en\/our-identity\/\">Our identity<\/a><\/li><li class=\"elementor-sitemap-item elementor-sitemap-item-page page_item page-item-13643\"><a href=\"https:\/\/www.mitjamarato.barcelona\/en\/parunda\/\">Parunda!<\/a><\/li><li class=\"elementor-sitemap-item elementor-sitemap-item-page page_item page-item-13806\"><a href=\"https:\/\/www.mitjamarato.barcelona\/en\/press\/\">Press<\/a><\/li><li class=\"elementor-sitemap-item elementor-sitemap-item-page page_item page-item-13795\"><a href=\"https:\/\/www.mitjamarato.barcelona\/en\/privacy-policy\/\">Privacy Policy<\/a><\/li><li class=\"elementor-sitemap-item elementor-sitemap-item-page page_item page-item-13927\"><a href=\"https:\/\/www.mitjamarato.barcelona\/en\/public-transport\/\">Public transport<\/a><\/li><li class=\"elementor-sitemap-item elementor-sitemap-item-page page_item page-item-13907\"><a href=\"https:\/\/www.mitjamarato.barcelona\/en\/i-am-a-runner\/regulation\/\">Regulation<\/a><\/li><li class=\"elementor-sitemap-item elementor-sitemap-item-page page_item page-item-13920\"><a href=\"https:\/\/www.mitjamarato.barcelona\/en\/i-am-a-runner\/results\/\">Results<\/a><\/li><li class=\"elementor-sitemap-item elementor-sitemap-item-page page_item page-item-13814\"><a href=\"https:\/\/www.mitjamarato.barcelona\/en\/i-am-a-runner\/runners-fair-expo-sports\/\">Runner&#8217;s Fair &#8211; Expo Sports<\/a><\/li><li class=\"elementor-sitemap-item elementor-sitemap-item-page page_item page-item-13673\"><a href=\"https:\/\/www.mitjamarato.barcelona\/en\/event\/side-events\/\">Side events<\/a><\/li><li class=\"elementor-sitemap-item elementor-sitemap-item-page page_item page-item-13744\"><a href=\"https:\/\/www.mitjamarato.barcelona\/en\/sitemap\/\">Sitemap<\/a><\/li><li class=\"elementor-sitemap-item elementor-sitemap-item-page page_item page-item-13692\"><a href=\"https:\/\/www.mitjamarato.barcelona\/en\/event\/sponsors\/\">Sponsors<\/a><\/li><li class=\"elementor-sitemap-item elementor-sitemap-item-page page_item page-item-13677\"><a href=\"https:\/\/www.mitjamarato.barcelona\/en\/event\/visit-barcelona\/\">Visit Barcelona<\/a><\/li><li class=\"elementor-sitemap-item elementor-sitemap-item-page page_item page-item-13831\"><a href=\"https:\/\/www.mitjamarato.barcelona\/en\/i-am-a-runner\/runners-fair-expo-sports\/visitor-area\/\">Visitor Area<\/a><\/li><li class=\"elementor-sitemap-item elementor-sitemap-item-page page_item page-item-13712\"><a href=\"https:\/\/www.mitjamarato.barcelona\/en\/event\/volunteering-2026\/\">Volunteering 2026<\/a><\/li><\/ul><\/div><div class=\"elementor-sitemap-section\"><h2 class=\"elementor-sitemap-title elementor-sitemap-post-title\">News<\/h2><ul class=\"elementor-sitemap-list elementor-sitemap-post-list\"><li class=\"elementor-sitemap-item elementor-sitemap-item-post page_item page-item-12358\"><a href=\"https:\/\/www.mitjamarato.barcelona\/en\/2025\/02\/14\/30000-participants-a-historical-record-for-the-edreams-mitja-marato-barcelona-by-brooks-with-a-great-elite-lineup\/\">30,000 participants, a historical record for the eDreams Mitja Marat\u00f3 Barcelona by Brooks, with a great elite lineup\u200b<\/a><\/li><li class=\"elementor-sitemap-item elementor-sitemap-item-post page_item page-item-12153\"><a href=\"https:\/\/www.mitjamarato.barcelona\/en\/2025\/02\/10\/aigues-de-barcelona-will-be-the-official-sustainable-hydration-provider-for-the-edreams-mitja-marato-barcelona-by-brooks-and-the-zurich-marato-barcelona-in-2025\/\">Aig\u00fces de Barcelona will be the official sustainable hydration provider for the eDreams Mitja Marat\u00f3 Barcelona by Brooks and the Zurich Marat\u00f3 Barcelona in 2025<\/a><\/li><li class=\"elementor-sitemap-item elementor-sitemap-item-post page_item page-item-12655\"><a href=\"https:\/\/www.mitjamarato.barcelona\/en\/2025\/06\/10\/barcelona-half-marathon-2026-opens-registration\/\">Barcelona Half Marathon 2026 opens registration<\/a><\/li><li class=\"elementor-sitemap-item elementor-sitemap-item-post page_item page-item-14910\"><a href=\"https:\/\/www.mitjamarato.barcelona\/en\/2026\/02\/10\/beteve-to-broadcast-the-hyundai-mitja-marato-barcelona-by-brooks-live-from-the-first-to-the-last-runner\/\">betev\u00e9 to broadcast the Hyundai Mitja Marat\u00f3 Barcelona by Brooks live: from the first to the last runner<\/a><\/li><li class=\"elementor-sitemap-item elementor-sitemap-item-post page_item page-item-12084\"><a href=\"https:\/\/www.mitjamarato.barcelona\/en\/2025\/02\/05\/beteve-will-broadcast-the-edreams-mitja-marato-barcelona-by-brooks-live-the-race-from-the-first-to-the-last-athlete\/\">betev\u00e9 will broadcast the eDreams Mitja Marat\u00f3 Barcelona by Brooks live: the race, from the first to the last athlete<\/a><\/li><li class=\"elementor-sitemap-item elementor-sitemap-item-post page_item page-item-15936\"><a href=\"https:\/\/www.mitjamarato.barcelona\/en\/2026\/03\/30\/february-14-and-march-14-2027-new-dates-for-the-hyundai-mitja-marato-barcelona-by-brooks-and-the-zurich-marato-de-barcelona\/\">February 14 and March 14, 2027: new dates for the Hyundai Mitja Marat\u00f3 Barcelona by Brooks and the Zurich Marat\u00f3 de Barcelona<\/a><\/li><li class=\"elementor-sitemap-item elementor-sitemap-item-post page_item page-item-15273\"><a href=\"https:\/\/www.mitjamarato.barcelona\/en\/2026\/02\/19\/hyundai-mitja-marato-barcelona-by-brooks\/\">Hyundai Mitja Marat\u00f3 Barcelona by Brooks<\/a><\/li><li class=\"elementor-sitemap-item elementor-sitemap-item-post page_item page-item-12401\"><a href=\"https:\/\/www.mitjamarato.barcelona\/en\/2025\/02\/16\/jacob-kiplimo-sets-a-new-world-record-in-the-half-marathon-at-the-edreams-mitja-marato-barcelona-by-brooks-2025\/\">Jacob Kiplimo sets a new world record in the half marathon at the eDreams Mitja Marat\u00f3 Barcelona by Brooks 2025<\/a><\/li><\/ul><\/div><\/div>\t\t\t\t<\/div>\n\t\t\t\t<\/div>\n\t\t\t\t<\/div>\n\t\t\t\t<\/div>\n\t\t\t\t<\/div>\n\t\t","protected":false},"excerpt":{"rendered":"","protected":false},"author":1,"featured_media":0,"parent":0,"menu_order":0,"comment_status":"closed","ping_status":"closed","template":"","meta":{"footnotes":""},"class_list":["post-13744","page","type-page","status-publish","hentry"],"_links":{"self":[{"href":"https:\/\/www.mitjamarato.barcelona\/en\/wp-json\/wp\/v2\/pages\/13744","targetHints":{"allow":["GET"]}}],"collection":[{"href":"https:\/\/www.mitjamarato.barcelona\/en\/wp-json\/wp\/v2\/pages"}],"about":[{"href":"https:\/\/www.mitjamarato.barcelona\/en\/wp-json\/wp\/v2\/types\/page"}],"author":[{"embeddable":true,"href":"https:\/\/www.mitjamarato.barcelona\/en\/wp-json\/wp\/v2\/users\/1"}],"replies":[{"embeddable":true,"href":"https:\/\/www.mitjamarato.barcelona\/en\/wp-json\/wp\/v2\/comments?post=13744"}],"version-history":[{"count":0,"href":"https:\/\/www.mitjamarato.barcelona\/en\/wp-json\/wp\/v2\/pages\/13744\/revisions"}],"wp:attachment":[{"href":"https:\/\/www.mitjamarato.barcelona\/en\/wp-json\/wp\/v2\/media?parent=13744"}],"curies":[{"name":"wp","href":"https:\/\/api.w.org\/{rel}","templated":true}]}}