{"id":187,"date":"2025-10-28T11:54:05","date_gmt":"2025-10-28T10:54:05","guid":{"rendered":"https:\/\/www.mitjamarato.barcelona\/?page_id=187"},"modified":"2026-01-13T09:39:37","modified_gmt":"2026-01-13T08:39:37","slug":"nuestra-identidad","status":"publish","type":"page","link":"https:\/\/www.mitjamarato.barcelona\/es\/nuestra-identidad\/","title":{"rendered":"Nuestra identidad"},"content":{"rendered":"\t\t<div data-elementor-type=\"wp-page\" data-elementor-id=\"187\" class=\"elementor elementor-187\" data-elementor-post-type=\"page\">\n\t\t\t\t<div class=\"elementor-element elementor-element-6d7d350 e-con-full e-flex e-con e-parent\" data-id=\"6d7d350\" data-element_type=\"container\" data-e-type=\"container\" data-settings=\"{&quot;background_background&quot;:&quot;classic&quot;}\">\n\t\t<div class=\"elementor-element elementor-element-aecd9a7 e-con-full e-flex e-con e-child\" data-id=\"aecd9a7\" data-element_type=\"container\" data-e-type=\"container\">\n\t\t\t\t<div class=\"elementor-element elementor-element-9e01363 elementor-widget elementor-widget-heading\" data-id=\"9e01363\" data-element_type=\"widget\" data-e-type=\"widget\" data-widget_type=\"heading.default\">\n\t\t\t\t\t<h1 class=\"elementor-heading-title elementor-size-default\">Fast or fun, but run<\/h1>\t\t\t\t<\/div>\n\t\t<div class=\"elementor-element elementor-element-be84208 e-con-full e-flex e-con e-child\" data-id=\"be84208\" data-element_type=\"container\" data-e-type=\"container\">\n\t\t\t\t<div class=\"elementor-element elementor-element-6e897f3 elementor-widget-divider--view-line elementor-widget elementor-widget-divider\" data-id=\"6e897f3\" data-element_type=\"widget\" data-e-type=\"widget\" data-widget_type=\"divider.default\">\n\t\t\t\t\t\t\t<div class=\"elementor-divider\">\n\t\t\t<span class=\"elementor-divider-separator\">\n\t\t\t\t\t\t<\/span>\n\t\t<\/div>\n\t\t\t\t\t\t<\/div>\n\t\t\t\t<div class=\"elementor-element elementor-element-c29ba4a elementor-widget elementor-widget-text-editor\" data-id=\"c29ba4a\" data-element_type=\"widget\" data-e-type=\"widget\" data-widget_type=\"text-editor.default\">\n\t\t\t\t\t\t\t\t\t<p>Vivir la eDreams Mitja Marat\u00f3 de Barcelona by Brooks, \u200b\u200bes vivirla a tu manera. Es volar por la ciudad, apretando los dientes para no perder el ritmo, aunque las piernas empiecen a hervir del esfuerzo, y levantar los brazos al cruzar meta, para celebrar haberlo conseguido bajo el tiempo objetivo.<\/p>\t\t\t\t\t\t\t\t<\/div>\n\t\t\t\t<div class=\"elementor-element elementor-element-04c4987 elementor-widget elementor-widget-heading\" data-id=\"04c4987\" data-element_type=\"widget\" data-e-type=\"widget\" data-widget_type=\"heading.default\">\n\t\t\t\t\t<h2 class=\"elementor-heading-title elementor-size-default\">VIVE LA EDREAMS MITJA MARAT\u00d3 BARCELONA BY BROOKS COMO T\u00da QUIERAS, PERO C\u00d3RRELA\n<\/h2>\t\t\t\t<\/div>\n\t\t\t\t<div class=\"elementor-element elementor-element-7fe5616 elementor-widget elementor-widget-text-editor\" data-id=\"7fe5616\" data-element_type=\"widget\" data-e-type=\"widget\" data-widget_type=\"text-editor.default\">\n\t\t\t\t\t\t\t\t\t<div class=\"texto-main\"><p>Pero tambi\u00e9n es sonre\u00edr, tambi\u00e9n es observar el paisaje y saludar a los miles de aficionados que se acercan a apoyar a los corredores, es correr acompa\u00f1ado de los tuyos, o de los que han empezado a serlo a partir del Km 1, y cruzar meta juntos, con los brazos levantados, porque lo has conseguido.<\/p><\/div>\t\t\t\t\t\t\t\t<\/div>\n\t\t\t\t<div class=\"elementor-element elementor-element-7b6bee5 elementor-align-left elementor-widget__width-inherit elementor-widget elementor-widget-button\" data-id=\"7b6bee5\" data-element_type=\"widget\" data-e-type=\"widget\" data-widget_type=\"button.default\">\n\t\t\t\t\t\t\t\t\t\t<a class=\"elementor-button elementor-button-link elementor-size-sm\" href=\"https:\/\/www.mitjamarato.barcelona\/historia\/\">\n\t\t\t\t\t\t<span class=\"elementor-button-content-wrapper\">\n\t\t\t\t\t\t<span class=\"elementor-button-icon\">\n\t\t\t\t<svg xmlns=\"http:\/\/www.w3.org\/2000\/svg\" viewBox=\"0 0 32 32\"><path d=\"M 21.1875 9.28125 L 19.78125 10.71875 L 24.0625 15 L 4 15 L 4 17 L 24.0625 17 L 19.78125 21.28125 L 21.1875 22.71875 L 27.90625 16 Z\"><\/path><\/svg>\t\t\t<\/span>\n\t\t\t\t\t\t\t\t\t<span class=\"elementor-button-text\">Conoce nuestra historia<\/span>\n\t\t\t\t\t<\/span>\n\t\t\t\t\t<\/a>\n\t\t\t\t\t\t\t\t<\/div>\n\t\t\t\t<\/div>\n\t\t\t\t<\/div>\n\t\t<div class=\"elementor-element elementor-element-c1d61a7 e-con-full e-flex e-con e-child\" data-id=\"c1d61a7\" data-element_type=\"container\" data-e-type=\"container\" data-settings=\"{&quot;background_background&quot;:&quot;classic&quot;,&quot;background_motion_fx_motion_fx_scrolling&quot;:&quot;yes&quot;,&quot;background_motion_fx_translateY_effect&quot;:&quot;yes&quot;,&quot;background_motion_fx_translateY_speed&quot;:{&quot;unit&quot;:&quot;px&quot;,&quot;size&quot;:2,&quot;sizes&quot;:[]},&quot;background_motion_fx_translateY_affectedRange&quot;:{&quot;unit&quot;:&quot;%&quot;,&quot;size&quot;:&quot;&quot;,&quot;sizes&quot;:{&quot;start&quot;:0,&quot;end&quot;:100}},&quot;background_motion_fx_devices&quot;:[&quot;desktop&quot;,&quot;laptop&quot;,&quot;tablet&quot;,&quot;mobile&quot;]}\">\n\t\t\t\t<\/div>\n\t\t\t\t<\/div>\n\t\t\t\t<\/div>\n\t\t","protected":false},"excerpt":{"rendered":"<p>Fast or fun, but run Vivir la eDreams Mitja Marat\u00f3 de Barcelona by Brooks, \u200b\u200bes vivirla a tu manera. Es volar por la ciudad, apretando los dientes para no perder el ritmo, aunque las piernas empiecen a hervir del esfuerzo, y levantar los brazos al cruzar meta, para celebrar haberlo conseguido bajo el tiempo objetivo. [&hellip;]<\/p>\n","protected":false},"author":1,"featured_media":0,"parent":0,"menu_order":0,"comment_status":"closed","ping_status":"closed","template":"","meta":{"footnotes":""},"class_list":["post-187","page","type-page","status-publish","hentry"],"_links":{"self":[{"href":"https:\/\/www.mitjamarato.barcelona\/es\/wp-json\/wp\/v2\/pages\/187","targetHints":{"allow":["GET"]}}],"collection":[{"href":"https:\/\/www.mitjamarato.barcelona\/es\/wp-json\/wp\/v2\/pages"}],"about":[{"href":"https:\/\/www.mitjamarato.barcelona\/es\/wp-json\/wp\/v2\/types\/page"}],"author":[{"embeddable":true,"href":"https:\/\/www.mitjamarato.barcelona\/es\/wp-json\/wp\/v2\/users\/1"}],"replies":[{"embeddable":true,"href":"https:\/\/www.mitjamarato.barcelona\/es\/wp-json\/wp\/v2\/comments?post=187"}],"version-history":[{"count":0,"href":"https:\/\/www.mitjamarato.barcelona\/es\/wp-json\/wp\/v2\/pages\/187\/revisions"}],"wp:attachment":[{"href":"https:\/\/www.mitjamarato.barcelona\/es\/wp-json\/wp\/v2\/media?parent=187"}],"curies":[{"name":"wp","href":"https:\/\/api.w.org\/{rel}","templated":true}]}}