{"id":216,"date":"2025-10-28T12:28:10","date_gmt":"2025-10-28T11:28:10","guid":{"rendered":"https:\/\/www.mitjamarato.barcelona\/?page_id=216"},"modified":"2026-01-13T09:20:10","modified_gmt":"2026-01-13T08:20:10","slug":"mapa-del-sitio","status":"publish","type":"page","link":"https:\/\/www.mitjamarato.barcelona\/es\/mapa-del-sitio\/","title":{"rendered":"Mapa del sitio"},"content":{"rendered":"\t\t<div data-elementor-type=\"wp-page\" data-elementor-id=\"216\" class=\"elementor elementor-216\" data-elementor-post-type=\"page\">\n\t\t\t\t<div class=\"elementor-element elementor-element-3f26b13 e-con-full e-flex e-con e-parent\" data-id=\"3f26b13\" data-element_type=\"container\" data-e-type=\"container\" data-settings=\"{&quot;background_background&quot;:&quot;classic&quot;}\">\n\t\t<div class=\"elementor-element elementor-element-b2807ea e-con-full e-flex e-con e-child\" data-id=\"b2807ea\" data-element_type=\"container\" data-e-type=\"container\">\n\t\t\t\t<div class=\"elementor-element elementor-element-3494718 elementor-widget elementor-widget-heading\" data-id=\"3494718\" data-element_type=\"widget\" data-e-type=\"widget\" data-widget_type=\"heading.default\">\n\t\t\t\t\t<h1 class=\"elementor-heading-title elementor-size-default\">Mapa del sitio<\/h1>\t\t\t\t<\/div>\n\t\t<div class=\"elementor-element elementor-element-51345f2 e-con-full e-flex e-con e-child\" data-id=\"51345f2\" data-element_type=\"container\" data-e-type=\"container\">\n\t\t\t\t<div class=\"elementor-element elementor-element-a45b5ef elementor-widget-divider--view-line elementor-widget elementor-widget-divider\" data-id=\"a45b5ef\" data-element_type=\"widget\" data-e-type=\"widget\" data-widget_type=\"divider.default\">\n\t\t\t\t\t\t\t<div class=\"elementor-divider\">\n\t\t\t<span class=\"elementor-divider-separator\">\n\t\t\t\t\t\t<\/span>\n\t\t<\/div>\n\t\t\t\t\t\t<\/div>\n\t\t\t\t<div class=\"elementor-element elementor-element-6afe896 elementor-widget elementor-widget-sitemap\" data-id=\"6afe896\" data-element_type=\"widget\" data-e-type=\"widget\" data-widget_type=\"sitemap.default\">\n\t\t\t\t\t<div class=\"elementor-sitemap-wrap\"><div class=\"elementor-sitemap-section\"><h2 class=\"elementor-sitemap-title elementor-sitemap-page-title\">P\u00e1ginas<\/h2><ul class=\"elementor-sitemap-list elementor-sitemap-page-list\"><li class=\"elementor-sitemap-item elementor-sitemap-item-page page_item page-item-28\"><a href=\"https:\/\/www.mitjamarato.barcelona\/es\/parunda\/\">\u00a1Parunda!<\/a><\/li><li class=\"elementor-sitemap-item elementor-sitemap-item-page page_item page-item-71\"><a href=\"https:\/\/www.mitjamarato.barcelona\/es\/aviso-legal\/\">Aviso legal<\/a><\/li><li class=\"elementor-sitemap-item elementor-sitemap-item-page page_item page-item-59\"><a href=\"https:\/\/www.mitjamarato.barcelona\/es\/evento\/como-llegar-a-la-carrera\/\">Como llegar a la carrera<\/a><\/li><li class=\"elementor-sitemap-item elementor-sitemap-item-page page_item page-item-67\"><a href=\"https:\/\/www.mitjamarato.barcelona\/es\/evento\/conoce-barcelona\/\">Conoce Barcelona<\/a><\/li><li class=\"elementor-sitemap-item elementor-sitemap-item-page page_item page-item-21\"><a href=\"https:\/\/www.mitjamarato.barcelona\/es\/contacto\/\">Contacto<\/a><\/li><li class=\"elementor-sitemap-item elementor-sitemap-item-page page_item page-item-651\"><a href=\"https:\/\/www.mitjamarato.barcelona\/es\/soy-corredor-a\/feria-del-corredor-expo-sports\/espacio-expositor\/\">Espacio expositor<\/a><\/li><li class=\"elementor-sitemap-item elementor-sitemap-item-page page_item page-item-653\"><a href=\"https:\/\/www.mitjamarato.barcelona\/es\/soy-corredor-a\/feria-del-corredor-expo-sports\/espacio-visitante\/\">Espacio visitante<\/a><\/li><li class=\"elementor-sitemap-item elementor-sitemap-item-page page_item page-item-54\"><a href=\"https:\/\/www.mitjamarato.barcelona\/es\/evento\/\">Evento<\/a><\/li><li class=\"elementor-sitemap-item elementor-sitemap-item-page page_item page-item-57\"><a href=\"https:\/\/www.mitjamarato.barcelona\/es\/evento\/eventos-paralelos\/\">Eventos paralelos<\/a><\/li><li class=\"elementor-sitemap-item elementor-sitemap-item-page page_item page-item-44\"><a href=\"https:\/\/www.mitjamarato.barcelona\/es\/soy-corredor-a\/feria-del-corredor-expo-sports\/\">Feria del Corredor &#8211; Expo Sports<\/a><\/li><li class=\"elementor-sitemap-item elementor-sitemap-item-page page_item page-item-42\"><a href=\"https:\/\/www.mitjamarato.barcelona\/es\/soy-corredor-a\/guardarropa\/\">Guardarropa<\/a><\/li><li class=\"elementor-sitemap-item elementor-sitemap-item-page page_item page-item-13758\"><a href=\"https:\/\/www.mitjamarato.barcelona\/es\/historia\/\">Historia<\/a><\/li><li class=\"elementor-sitemap-item elementor-sitemap-item-page page_item page-item-316\"><a href=\"https:\/\/www.mitjamarato.barcelona\/es\/hotspots\/\">Hotspots<\/a><\/li><li class=\"elementor-sitemap-item elementor-sitemap-item-page page_item page-item-63\"><a href=\"https:\/\/www.mitjamarato.barcelona\/es\/evento\/informacion-ciudadana\/\">Informaci\u00f3n ciudadana<\/a><\/li><li class=\"elementor-sitemap-item elementor-sitemap-item-page page_item page-item-79\"><a href=\"https:\/\/www.mitjamarato.barcelona\/es\/\">Inicio<\/a><\/li><li class=\"elementor-sitemap-item elementor-sitemap-item-page page_item page-item-14969\"><a href=\"https:\/\/www.mitjamarato.barcelona\/es\/inicio-web-en-carrera\/\">Inicio &#8211; Web en carrera<\/a><\/li><li class=\"elementor-sitemap-item elementor-sitemap-item-page page_item page-item-216\"><a href=\"https:\/\/www.mitjamarato.barcelona\/es\/mapa-del-sitio\/\">Mapa del sitio<\/a><\/li><li class=\"elementor-sitemap-item elementor-sitemap-item-page page_item page-item-65\"><a href=\"https:\/\/www.mitjamarato.barcelona\/es\/marketplace\/\">Marketplace<\/a><\/li><li class=\"elementor-sitemap-item elementor-sitemap-item-page page_item page-item-19 current_page_parent\"><a href=\"https:\/\/www.mitjamarato.barcelona\/es\/noticias\/\">Noticias<\/a><\/li><li class=\"elementor-sitemap-item elementor-sitemap-item-page page_item page-item-187\"><a href=\"https:\/\/www.mitjamarato.barcelona\/es\/nuestra-identidad\/\">Nuestra identidad<\/a><\/li><li class=\"elementor-sitemap-item elementor-sitemap-item-page page_item page-item-17\"><a href=\"https:\/\/www.mitjamarato.barcelona\/es\/evento\/patrocinadores\/\">Patrocinadores<\/a><\/li><li class=\"elementor-sitemap-item elementor-sitemap-item-page page_item page-item-77\"><a href=\"https:\/\/www.mitjamarato.barcelona\/es\/politica-de-app\/\">Pol\u00edtica de App<\/a><\/li><li class=\"elementor-sitemap-item elementor-sitemap-item-page page_item page-item-73\"><a href=\"https:\/\/www.mitjamarato.barcelona\/es\/politica-de-cookies\/\">Pol\u00edtica de cookies<\/a><\/li><li class=\"elementor-sitemap-item elementor-sitemap-item-page page_item page-item-3\"><a href=\"https:\/\/www.mitjamarato.barcelona\/es\/politica-privacidad\/\">Pol\u00edtica de privacidad<\/a><\/li><li class=\"elementor-sitemap-item elementor-sitemap-item-page page_item page-item-50\"><a href=\"https:\/\/www.mitjamarato.barcelona\/es\/soy-corredor-a\/preguntas-frecuentes\/\">Preguntas frecuentes<\/a><\/li><li class=\"elementor-sitemap-item elementor-sitemap-item-page page_item page-item-69\"><a href=\"https:\/\/www.mitjamarato.barcelona\/es\/prensa\/\">Prensa<\/a><\/li><li class=\"elementor-sitemap-item elementor-sitemap-item-page page_item page-item-40\"><a href=\"https:\/\/www.mitjamarato.barcelona\/es\/soy-corredor-a\/recogida-de-dorsal\/\">Recogida de dorsal<\/a><\/li><li class=\"elementor-sitemap-item elementor-sitemap-item-page page_item page-item-38\"><a href=\"https:\/\/www.mitjamarato.barcelona\/es\/soy-corredor-a\/recorrido\/\">Recorrido<\/a><\/li><li class=\"elementor-sitemap-item elementor-sitemap-item-page page_item page-item-36\"><a href=\"https:\/\/www.mitjamarato.barcelona\/es\/soy-corredor-a\/reglamento\/\">Reglamento<\/a><\/li><li class=\"elementor-sitemap-item elementor-sitemap-item-page page_item page-item-52\"><a href=\"https:\/\/www.mitjamarato.barcelona\/es\/soy-corredor-a\/resultados\/\">Resultados<\/a><\/li><li class=\"elementor-sitemap-item elementor-sitemap-item-page page_item page-item-48\"><a href=\"https:\/\/www.mitjamarato.barcelona\/es\/soy-corredor-a\/servicios-adicionales\/\">Servicios adicionales<\/a><\/li><li class=\"elementor-sitemap-item elementor-sitemap-item-page page_item page-item-34\"><a href=\"https:\/\/www.mitjamarato.barcelona\/es\/soy-corredor-a\/\">Soy corredor\/a<\/a><\/li><li class=\"elementor-sitemap-item elementor-sitemap-item-page page_item page-item-13549\"><a href=\"https:\/\/www.mitjamarato.barcelona\/es\/transporte-publico\/\">Transporte p\u00fablico<\/a><\/li><li class=\"elementor-sitemap-item elementor-sitemap-item-page page_item page-item-61\"><a href=\"https:\/\/www.mitjamarato.barcelona\/es\/evento\/voluntariado-2027\/\">Voluntariado 2027<\/a><\/li><\/ul><\/div><div class=\"elementor-sitemap-section\"><h2 class=\"elementor-sitemap-title elementor-sitemap-post-title\">Noticias<\/h2><ul class=\"elementor-sitemap-list elementor-sitemap-post-list\"><li class=\"elementor-sitemap-item elementor-sitemap-item-post page_item page-item-15934\"><a href=\"https:\/\/www.mitjamarato.barcelona\/es\/2026\/03\/30\/14-de-febrero-y-14-de-marzo-de-2027-nuevas-fechas-de-la-hyundai-mitja-marato-barcelona-by-brooks-y-de-la-zurich-marato-de-barcelona\/\">14 de febrero y 14 de marzo de 2027, nuevas fechas de la Hyundai Mitja Marat\u00f3 Barcelona by Brooks y de la Zurich Marat\u00f3 de Barcelona<\/a><\/li><li class=\"elementor-sitemap-item elementor-sitemap-item-post page_item page-item-12332\"><a href=\"https:\/\/www.mitjamarato.barcelona\/es\/2025\/02\/14\/30-000-participantes-record-historico-de-la-edreams-mitja-marato-barcelona-by-brooks-con-un-gran-cartel-de-elite\/\">30.000 participantes, r\u00e9cord hist\u00f3rico de la eDreams Mitja Marat\u00f3 Barcelona by Brooks, con un gran cartel de \u00e9lite<\/a><\/li><li class=\"elementor-sitemap-item elementor-sitemap-item-post page_item page-item-12145\"><a href=\"https:\/\/www.mitjamarato.barcelona\/es\/2025\/02\/10\/aigues-de-barcelona-sera-el-avituallamiento-oficial-sostenible-este-2025-de-la-edreams-mitja-marato-barcelona-by-brooks-y-de-la-zurich-marato-barcelona\/\">Aig\u00fces de Barcelona ser\u00e1 el avituallamiento oficial sostenible este 2025 de la eDreams Mitja Marat\u00f3 Barcelona by Brooks y de la Zurich Marat\u00f3 Barcelona<\/a><\/li><li class=\"elementor-sitemap-item elementor-sitemap-item-post page_item page-item-12086\"><a href=\"https:\/\/www.mitjamarato.barcelona\/es\/2025\/02\/05\/beteve-emitira-en-directo-la-edreams-mitja-marato-barcelona-by-brooks-la-carrera-desde-el-primer-hasta-el-ultimo-atleta\/\">betev\u00e9 emitir\u00e1 en directo la eDreams Mitja Marat\u00f3 Barcelona by Brooks: la carrera, desde el primer hasta el \u00faltimo atleta<\/a><\/li><li class=\"elementor-sitemap-item elementor-sitemap-item-post page_item page-item-14901\"><a href=\"https:\/\/www.mitjamarato.barcelona\/es\/2026\/02\/10\/beteve-emitira-en-directo-la-hyundai-mitja-marato-barcelona-by-brooks-la-carrera-del-primero-al-ultimo-corredor\/\">betev\u00e9 emitir\u00e1 en directo la Hyundai Mitja Marat\u00f3 Barcelona by Brooks: la carrera, del primero al \u00faltimo corredor<\/a><\/li><li class=\"elementor-sitemap-item elementor-sitemap-item-post page_item page-item-13402\"><a href=\"https:\/\/www.mitjamarato.barcelona\/es\/2025\/12\/17\/finisher-renueva-como-official-sponsor-de-nutricion-y-suplementacion-deportiva-de-la-zurich-marato-barcelona-y-la-hyundai-mitja-marato-barcelona-by-brooks-hasta-el\/\">Finisher\u00ae,\u00a0renueva como\u00a0Official Sponsor de nutrici\u00f3n y suplementaci\u00f3n deportiva\u00a0de la\u00a0Zurich Marat\u00f3 Barcelona y la\u00a0Hyundai Mitja Marat\u00f3 Barcelona by Brooks\u00a0hasta el a\u00f1o\u00a02028<\/a><\/li><li class=\"elementor-sitemap-item elementor-sitemap-item-post page_item page-item-15265\"><a href=\"https:\/\/www.mitjamarato.barcelona\/es\/2026\/02\/19\/barcelona-se-consolida-como-la-segunda-media-maraton-mas-popular-de-europa-con-36-000-participantes\/\">Hagos Gebrhiwet\u00a0(58:05) y\u00a0Loice Chemnung\u00a0(1:04:00) ganan una edici\u00f3n marcada por el r\u00e9cord de participaci\u00f3n<\/a><\/li><li class=\"elementor-sitemap-item elementor-sitemap-item-post page_item page-item-13218\"><a href=\"https:\/\/www.mitjamarato.barcelona\/es\/2025\/10\/23\/hyundai-sera-el-nuevo-title-sponsor-de-la-mitja-marato-barcelona-by-brooks\/\">Hyundai ser\u00e1 el nuevo Title Sponsor de La Mitja Marat\u00f3 Barcelona by Brooks\u00a0<\/a><\/li><li class=\"elementor-sitemap-item elementor-sitemap-item-post page_item page-item-12369\"><a href=\"https:\/\/www.mitjamarato.barcelona\/es\/2025\/02\/16\/jacob-kiplimo-establece-nuevo-record-del-mundo-de-media-maraton-en-la-edreams-mitja-marato-barcelona-by-brooks-2025\/\">Jacob Kiplimo establece nuevo r\u00e9cord del mundo de media marat\u00f3n en la eDreams Mitja Marat\u00f3 Barcelona by Brooks 2025\u200b<\/a><\/li><li class=\"elementor-sitemap-item elementor-sitemap-item-post page_item page-item-12054\"><a href=\"https:\/\/www.mitjamarato.barcelona\/es\/2025\/02\/04\/la-edreams-mitja-marato-barcelona-by-brooks-sera-la-segunda-cita-del-circuito-nacional-de-running-platano-de-canarias-2025\/\">La eDreams Mitja Marat\u00f3 Barcelona by Brooks ser\u00e1 la segunda cita del Circuito Nacional de Running Pl\u00e1tano de Canarias 2025<\/a><\/li><li class=\"elementor-sitemap-item elementor-sitemap-item-post page_item page-item-12649\"><a href=\"https:\/\/www.mitjamarato.barcelona\/es\/2025\/06\/10\/la-mitja-marato-barcelona-2026-abre-inscripciones\/\">La Mitja Marat\u00f3 Barcelona 2026 abre inscripciones<\/a><\/li><li class=\"elementor-sitemap-item elementor-sitemap-item-post page_item page-item-12924\"><a href=\"https:\/\/www.mitjamarato.barcelona\/es\/2025\/09\/09\/la-mitja-marato-barcelona-by-brooks-penja-el-cartell-de-complet-amb-36-000-runners-nou-record-de-participacio-2\/\">La Mitja Marat\u00f3 Barcelona by Brooks cuelga el cartel de completo con 36.000 runners, nuevo r\u00e9cord de participaci\u00f3n<\/a><\/li><li class=\"elementor-sitemap-item elementor-sitemap-item-post page_item page-item-12609\"><a href=\"https:\/\/www.mitjamarato.barcelona\/es\/2025\/06\/05\/la-mitja-marato-barcelona-by-brooks-y-la-zurich-marato-barcelona-ya-tienen-fecha-para-2026-tras-un-2025-de-records\/\">La Mitja Marat\u00f3 Barcelona by Brooks y la Zurich Marat\u00f3 Barcelona ya tienen fecha para 2026 tras un 2025 de r\u00e9cords<\/a><\/li><\/ul><\/div><\/div>\t\t\t\t<\/div>\n\t\t\t\t<\/div>\n\t\t\t\t<\/div>\n\t\t\t\t<\/div>\n\t\t\t\t<\/div>\n\t\t","protected":false},"excerpt":{"rendered":"","protected":false},"author":1,"featured_media":0,"parent":0,"menu_order":0,"comment_status":"closed","ping_status":"closed","template":"","meta":{"footnotes":""},"class_list":["post-216","page","type-page","status-publish","hentry"],"_links":{"self":[{"href":"https:\/\/www.mitjamarato.barcelona\/es\/wp-json\/wp\/v2\/pages\/216","targetHints":{"allow":["GET"]}}],"collection":[{"href":"https:\/\/www.mitjamarato.barcelona\/es\/wp-json\/wp\/v2\/pages"}],"about":[{"href":"https:\/\/www.mitjamarato.barcelona\/es\/wp-json\/wp\/v2\/types\/page"}],"author":[{"embeddable":true,"href":"https:\/\/www.mitjamarato.barcelona\/es\/wp-json\/wp\/v2\/users\/1"}],"replies":[{"embeddable":true,"href":"https:\/\/www.mitjamarato.barcelona\/es\/wp-json\/wp\/v2\/comments?post=216"}],"version-history":[{"count":0,"href":"https:\/\/www.mitjamarato.barcelona\/es\/wp-json\/wp\/v2\/pages\/216\/revisions"}],"wp:attachment":[{"href":"https:\/\/www.mitjamarato.barcelona\/es\/wp-json\/wp\/v2\/media?parent=216"}],"curies":[{"name":"wp","href":"https:\/\/api.w.org\/{rel}","templated":true}]}}