{"id":61,"date":"2025-10-27T22:30:52","date_gmt":"2025-10-27T21:30:52","guid":{"rendered":"https:\/\/www.mitjamarato.barcelona\/?page_id=61"},"modified":"2026-03-24T17:59:37","modified_gmt":"2026-03-24T16:59:37","slug":"voluntariado-2027","status":"publish","type":"page","link":"https:\/\/www.mitjamarato.barcelona\/es\/evento\/voluntariado-2027\/","title":{"rendered":"Voluntariado 2027"},"content":{"rendered":"\t\t<div data-elementor-type=\"wp-page\" data-elementor-id=\"61\" class=\"elementor elementor-61\" data-elementor-post-type=\"page\">\n\t\t\t\t<div class=\"elementor-element elementor-element-3fb239e e-flex e-con-boxed e-con e-parent\" data-id=\"3fb239e\" data-element_type=\"container\" data-e-type=\"container\" data-settings=\"{&quot;background_background&quot;:&quot;classic&quot;,&quot;background_motion_fx_motion_fx_scrolling&quot;:&quot;yes&quot;,&quot;background_motion_fx_translateY_effect&quot;:&quot;yes&quot;,&quot;background_motion_fx_translateY_speed&quot;:{&quot;unit&quot;:&quot;px&quot;,&quot;size&quot;:2,&quot;sizes&quot;:[]},&quot;background_motion_fx_translateY_affectedRange&quot;:{&quot;unit&quot;:&quot;%&quot;,&quot;size&quot;:&quot;&quot;,&quot;sizes&quot;:{&quot;start&quot;:0,&quot;end&quot;:100}},&quot;background_motion_fx_devices&quot;:[&quot;desktop&quot;,&quot;laptop&quot;,&quot;tablet&quot;,&quot;mobile&quot;]}\">\n\t\t\t\t\t<div class=\"e-con-inner\">\n\t\t\t\t\t<\/div>\n\t\t\t\t<\/div>\n\t\t<div class=\"elementor-element elementor-element-ccf2ead e-con-full e-flex e-con e-parent\" data-id=\"ccf2ead\" data-element_type=\"container\" data-e-type=\"container\" data-settings=\"{&quot;background_background&quot;:&quot;classic&quot;}\">\n\t\t<div class=\"elementor-element elementor-element-8076de2 e-con-full e-flex e-con e-child\" data-id=\"8076de2\" data-element_type=\"container\" data-e-type=\"container\">\n\t\t\t\t<div class=\"elementor-element elementor-element-f3cccf7 elementor-widget elementor-widget-heading\" data-id=\"f3cccf7\" data-element_type=\"widget\" data-e-type=\"widget\" data-widget_type=\"heading.default\">\n\t\t\t\t\t<h1 class=\"elementor-heading-title elementor-size-default\">Voluntariado 2027<\/h1>\t\t\t\t<\/div>\n\t\t<div class=\"elementor-element elementor-element-6302932 e-con-full e-flex e-con e-child\" data-id=\"6302932\" data-element_type=\"container\" data-e-type=\"container\">\n\t\t\t\t<div class=\"elementor-element elementor-element-a10fb16 elementor-widget elementor-widget-heading\" data-id=\"a10fb16\" data-element_type=\"widget\" data-e-type=\"widget\" data-widget_type=\"heading.default\">\n\t\t\t\t\t<h2 class=\"elementor-heading-title elementor-size-default\">Los voluntarios, son la pieza clave de esta carrera. Gracias a ellos, podemos hacer posible una vez m\u00e1s, la Mitja Marat\u00f3 Barcelona.\n\n<\/h2>\t\t\t\t<\/div>\n\t\t\t\t<div class=\"elementor-element elementor-element-1537b50 elementor-widget elementor-widget-text-editor\" data-id=\"1537b50\" data-element_type=\"widget\" data-e-type=\"widget\" data-widget_type=\"text-editor.default\">\n\t\t\t\t\t\t\t\t\t<p>Queremos agradecer de antemano, a todos los voluntarios que el d\u00eda de la Mitja Marat\u00f3 Barcelona by Brooks, salen a las calles de Barcelona a ayudar en lo que haga falta para que el corredor pueda cruzar esa l\u00ednea de meta tan so\u00f1ada.<\/p>\t\t\t\t\t\t\t\t<\/div>\n\t\t\t\t<div class=\"elementor-element elementor-element-7359e90 elementor-widget-divider--view-line elementor-widget elementor-widget-divider\" data-id=\"7359e90\" data-element_type=\"widget\" data-e-type=\"widget\" data-widget_type=\"divider.default\">\n\t\t\t\t\t\t\t<div class=\"elementor-divider\">\n\t\t\t<span class=\"elementor-divider-separator\">\n\t\t\t\t\t\t<\/span>\n\t\t<\/div>\n\t\t\t\t\t\t<\/div>\n\t\t\t\t<div class=\"elementor-element elementor-element-c96a7b1 elementor-widget elementor-widget-heading\" data-id=\"c96a7b1\" data-element_type=\"widget\" data-e-type=\"widget\" data-widget_type=\"heading.default\">\n\t\t\t\t\t<h3 class=\"elementor-heading-title elementor-size-default\">Si eres una persona que te gustar\u00eda vivir la Hyundai Mitja Marat\u00f3 Barcelona by Brooks desde dentro, eres generoso, solidario y con mucha energ\u00eda \u00a1No dudes en contactar con la siguiente asociaci\u00f3n<\/h3>\t\t\t\t<\/div>\n\t\t\t\t<div class=\"elementor-element elementor-element-8546324 elementor-widget elementor-widget-heading\" data-id=\"8546324\" data-element_type=\"widget\" data-e-type=\"widget\" data-widget_type=\"heading.default\">\n\t\t\t\t\t<h2 class=\"elementor-heading-title elementor-size-default\">Asociaci\u00f3n de contacto\n<\/h2>\t\t\t\t<\/div>\n\t\t\t\t<div class=\"elementor-element elementor-element-9bbe164 elementor-align-left elementor-widget__width-inherit elementor-widget elementor-widget-button\" data-id=\"9bbe164\" data-element_type=\"widget\" data-e-type=\"widget\" data-widget_type=\"button.default\">\n\t\t\t\t\t\t\t\t\t\t<a class=\"elementor-button elementor-button-link elementor-size-sm\" href=\"mailto:info@voluntaris2000.org\">\n\t\t\t\t\t\t<span class=\"elementor-button-content-wrapper\">\n\t\t\t\t\t\t<span class=\"elementor-button-icon\">\n\t\t\t\t<svg aria-hidden=\"true\" class=\"e-font-icon-svg e-fas-envelope\" viewBox=\"0 0 512 512\" xmlns=\"http:\/\/www.w3.org\/2000\/svg\"><path d=\"M502.3 190.8c3.9-3.1 9.7-.2 9.7 4.7V400c0 26.5-21.5 48-48 48H48c-26.5 0-48-21.5-48-48V195.6c0-5 5.7-7.8 9.7-4.7 22.4 17.4 52.1 39.5 154.1 113.6 21.1 15.4 56.7 47.8 92.2 47.6 35.7.3 72-32.8 92.3-47.6 102-74.1 131.6-96.3 154-113.7zM256 320c23.2.4 56.6-29.2 73.4-41.4 132.7-96.3 142.8-104.7 173.4-128.7 5.8-4.5 9.2-11.5 9.2-18.9v-19c0-26.5-21.5-48-48-48H48C21.5 64 0 85.5 0 112v19c0 7.4 3.4 14.3 9.2 18.9 30.6 23.9 40.7 32.4 173.4 128.7 16.8 12.2 50.2 41.8 73.4 41.4z\"><\/path><\/svg>\t\t\t<\/span>\n\t\t\t\t\t\t\t\t\t<span class=\"elementor-button-text\">Voluntaris 2000<\/span>\n\t\t\t\t\t<\/span>\n\t\t\t\t\t<\/a>\n\t\t\t\t\t\t\t\t<\/div>\n\t\t\t\t<\/div>\n\t\t\t\t<\/div>\n\t\t\t\t<\/div>\n\t\t<div class=\"elementor-element elementor-element-789f97c e-flex e-con-boxed e-con e-parent\" data-id=\"789f97c\" data-element_type=\"container\" data-e-type=\"container\" data-settings=\"{&quot;background_background&quot;:&quot;slideshow&quot;,&quot;background_motion_fx_translateY_effect&quot;:&quot;yes&quot;,&quot;background_motion_fx_translateY_speed&quot;:{&quot;unit&quot;:&quot;px&quot;,&quot;size&quot;:2,&quot;sizes&quot;:[]},&quot;background_slideshow_gallery&quot;:[{&quot;id&quot;:892,&quot;url&quot;:&quot;https:\\\/\\\/www.mitjamarato.barcelona\\\/wp-content\\\/uploads\\\/2025\\\/11\\\/DSCF3335.webp&quot;},{&quot;id&quot;:890,&quot;url&quot;:&quot;https:\\\/\\\/www.mitjamarato.barcelona\\\/wp-content\\\/uploads\\\/2025\\\/11\\\/@fotorunners.webp&quot;},{&quot;id&quot;:888,&quot;url&quot;:&quot;https:\\\/\\\/www.mitjamarato.barcelona\\\/wp-content\\\/uploads\\\/2025\\\/11\\\/DSCF3372.webp&quot;},{&quot;id&quot;:886,&quot;url&quot;:&quot;https:\\\/\\\/www.mitjamarato.barcelona\\\/wp-content\\\/uploads\\\/2025\\\/11\\\/@fotorunners-9-5.webp&quot;},{&quot;id&quot;:884,&quot;url&quot;:&quot;https:\\\/\\\/www.mitjamarato.barcelona\\\/wp-content\\\/uploads\\\/2025\\\/11\\\/DSCF3693.webp&quot;},{&quot;id&quot;:882,&quot;url&quot;:&quot;https:\\\/\\\/www.mitjamarato.barcelona\\\/wp-content\\\/uploads\\\/2025\\\/11\\\/@fotorunners-1.webp&quot;}],&quot;background_slideshow_ken_burns&quot;:&quot;yes&quot;,&quot;background_slideshow_loop&quot;:&quot;yes&quot;,&quot;background_slideshow_slide_duration&quot;:5000,&quot;background_slideshow_slide_transition&quot;:&quot;fade&quot;,&quot;background_slideshow_transition_duration&quot;:500,&quot;background_slideshow_ken_burns_zoom_direction&quot;:&quot;in&quot;,&quot;background_motion_fx_translateY_affectedRange&quot;:{&quot;unit&quot;:&quot;%&quot;,&quot;size&quot;:&quot;&quot;,&quot;sizes&quot;:{&quot;start&quot;:0,&quot;end&quot;:100}},&quot;background_motion_fx_devices&quot;:[&quot;desktop&quot;,&quot;laptop&quot;,&quot;tablet&quot;,&quot;mobile&quot;]}\">\n\t\t\t\t\t<div class=\"e-con-inner\">\n\t\t\t\t\t<\/div>\n\t\t\t\t<\/div>\n\t\t<div class=\"elementor-element elementor-element-1ae4476 e-con-full e-flex e-con e-parent\" data-id=\"1ae4476\" data-element_type=\"container\" data-e-type=\"container\" data-settings=\"{&quot;background_background&quot;:&quot;classic&quot;}\">\n\t\t<div class=\"elementor-element elementor-element-4936a5c e-con-full e-flex e-con e-child\" data-id=\"4936a5c\" data-element_type=\"container\" data-e-type=\"container\">\n\t\t\t\t<div class=\"elementor-element elementor-element-ae82d9f elementor-widget elementor-widget-heading\" data-id=\"ae82d9f\" data-element_type=\"widget\" data-e-type=\"widget\" data-widget_type=\"heading.default\">\n\t\t\t\t\t<h2 class=\"elementor-heading-title elementor-size-default\">Voluntarios HMMB\n<\/h2>\t\t\t\t<\/div>\n\t\t\t\t<div class=\"elementor-element elementor-element-c394057 elementor-widget-divider--view-line elementor-widget elementor-widget-divider\" data-id=\"c394057\" data-element_type=\"widget\" data-e-type=\"widget\" data-widget_type=\"divider.default\">\n\t\t\t\t\t\t\t<div class=\"elementor-divider\">\n\t\t\t<span class=\"elementor-divider-separator\">\n\t\t\t\t\t\t<\/span>\n\t\t<\/div>\n\t\t\t\t\t\t<\/div>\n\t\t<div class=\"elementor-element elementor-element-c95ebc1 e-grid e-con-full e-con e-child\" data-id=\"c95ebc1\" data-element_type=\"container\" data-e-type=\"container\">\n\t\t\t\t<div class=\"elementor-element elementor-element-a51d9e3 elementor-widget elementor-widget-image\" data-id=\"a51d9e3\" data-element_type=\"widget\" data-e-type=\"widget\" data-widget_type=\"image.default\">\n\t\t\t\t\t\t\t\t\t\t\t\t\t\t\t\t<a href=\"https:\/\/www.voluntaris2000.org\/\" target=\"_blank\" rel=\"noopener\">\n\t\t\t\t\t\t\t<img decoding=\"async\" width=\"219\" height=\"51\" src=\"https:\/\/www.mitjamarato.barcelona\/wp-content\/uploads\/2025\/11\/logo_voluntaris.png\" class=\"attachment-large size-large wp-image-913\" alt=\"\" \/>\t\t\t\t\t\t\t\t<\/a>\n\t\t\t\t\t\t\t\t\t\t\t\t\t\t\t<\/div>\n\t\t\t\t<div class=\"elementor-element elementor-element-c1c48b2 elementor-widget elementor-widget-image\" data-id=\"c1c48b2\" data-element_type=\"widget\" data-e-type=\"widget\" data-widget_type=\"image.default\">\n\t\t\t\t\t\t\t\t\t\t\t\t\t\t\t\t<a href=\"https:\/\/www.corredors.cat\/\" target=\"_blank\" rel=\"noopener\">\n\t\t\t\t\t\t\t<img fetchpriority=\"high\" decoding=\"async\" width=\"600\" height=\"167\" src=\"https:\/\/www.mitjamarato.barcelona\/wp-content\/uploads\/2025\/11\/CORREDORS.CAT_.webp\" class=\"attachment-large size-large wp-image-912\" alt=\"\" srcset=\"https:\/\/www.mitjamarato.barcelona\/wp-content\/uploads\/2025\/11\/CORREDORS.CAT_.webp 600w, https:\/\/www.mitjamarato.barcelona\/wp-content\/uploads\/2025\/11\/CORREDORS.CAT_-300x84.webp 300w\" sizes=\"(max-width: 600px) 100vw, 600px\" \/>\t\t\t\t\t\t\t\t<\/a>\n\t\t\t\t\t\t\t\t\t\t\t\t\t\t\t<\/div>\n\t\t\t\t<div class=\"elementor-element elementor-element-16be8b4 elementor-widget elementor-widget-image\" data-id=\"16be8b4\" data-element_type=\"widget\" data-e-type=\"widget\" data-widget_type=\"image.default\">\n\t\t\t\t\t\t\t\t\t\t\t\t\t\t\t\t<a href=\"https:\/\/escolapissarria.cat\/\" target=\"_blank\" rel=\"noopener\">\n\t\t\t\t\t\t\t<img decoding=\"async\" width=\"300\" height=\"183\" src=\"https:\/\/www.mitjamarato.barcelona\/wp-content\/uploads\/2025\/11\/logo-caixa-EP-Sarria-300x183-1.webp\" class=\"attachment-large size-large wp-image-910\" alt=\"\" \/>\t\t\t\t\t\t\t\t<\/a>\n\t\t\t\t\t\t\t\t\t\t\t\t\t\t\t<\/div>\n\t\t\t\t<div class=\"elementor-element elementor-element-4c81dcc elementor-widget elementor-widget-image\" data-id=\"4c81dcc\" data-element_type=\"widget\" data-e-type=\"widget\" data-widget_type=\"image.default\">\n\t\t\t\t\t\t\t\t\t\t\t\t\t\t\t\t<a href=\"https:\/\/cornellaatletic.com\/\" target=\"_blank\" rel=\"noopener\">\n\t\t\t\t\t\t\t<img loading=\"lazy\" decoding=\"async\" width=\"118\" height=\"121\" src=\"https:\/\/www.mitjamarato.barcelona\/wp-content\/uploads\/2025\/11\/CA-Cornella-1.webp\" class=\"attachment-large size-large wp-image-908\" alt=\"\" \/>\t\t\t\t\t\t\t\t<\/a>\n\t\t\t\t\t\t\t\t\t\t\t\t\t\t\t<\/div>\n\t\t\t\t<div class=\"elementor-element elementor-element-e8d1384 elementor-widget elementor-widget-image\" data-id=\"e8d1384\" data-element_type=\"widget\" data-e-type=\"widget\" data-widget_type=\"image.default\">\n\t\t\t\t\t\t\t\t\t\t\t\t\t\t\t\t<a href=\"https:\/\/www.cncatalunya.cat\/\" target=\"_blank\" rel=\"noopener\">\n\t\t\t\t\t\t\t<img loading=\"lazy\" decoding=\"async\" width=\"358\" height=\"299\" src=\"https:\/\/www.mitjamarato.barcelona\/wp-content\/uploads\/2025\/11\/CN-Catalunya.webp\" class=\"attachment-large size-large wp-image-906\" alt=\"\" srcset=\"https:\/\/www.mitjamarato.barcelona\/wp-content\/uploads\/2025\/11\/CN-Catalunya.webp 358w, https:\/\/www.mitjamarato.barcelona\/wp-content\/uploads\/2025\/11\/CN-Catalunya-300x251.webp 300w\" sizes=\"(max-width: 358px) 100vw, 358px\" \/>\t\t\t\t\t\t\t\t<\/a>\n\t\t\t\t\t\t\t\t\t\t\t\t\t\t\t<\/div>\n\t\t\t\t<div class=\"elementor-element elementor-element-45c95ab elementor-widget elementor-widget-image\" data-id=\"45c95ab\" data-element_type=\"widget\" data-e-type=\"widget\" data-widget_type=\"image.default\">\n\t\t\t\t\t\t\t\t\t\t\t\t\t\t\t\t<a href=\"https:\/\/magicbdnrunning.cat\/\" target=\"_blank\" rel=\"noopener\">\n\t\t\t\t\t\t\t<img loading=\"lazy\" decoding=\"async\" width=\"185\" height=\"177\" src=\"https:\/\/www.mitjamarato.barcelona\/wp-content\/uploads\/2025\/11\/Badalona-Running.webp\" class=\"attachment-large size-large wp-image-904\" alt=\"\" \/>\t\t\t\t\t\t\t\t<\/a>\n\t\t\t\t\t\t\t\t\t\t\t\t\t\t\t<\/div>\n\t\t\t\t<div class=\"elementor-element elementor-element-060d466 elementor-widget elementor-widget-image\" data-id=\"060d466\" data-element_type=\"widget\" data-e-type=\"widget\" data-widget_type=\"image.default\">\n\t\t\t\t\t\t\t\t\t\t\t\t\t\t\t<img loading=\"lazy\" decoding=\"async\" width=\"535\" height=\"467\" src=\"https:\/\/www.mitjamarato.barcelona\/wp-content\/uploads\/2025\/11\/2G.webp\" class=\"attachment-large size-large wp-image-902\" alt=\"\" srcset=\"https:\/\/www.mitjamarato.barcelona\/wp-content\/uploads\/2025\/11\/2G.webp 535w, https:\/\/www.mitjamarato.barcelona\/wp-content\/uploads\/2025\/11\/2G-300x262.webp 300w\" sizes=\"(max-width: 535px) 100vw, 535px\" \/>\t\t\t\t\t\t\t\t\t\t\t\t\t\t\t<\/div>\n\t\t\t\t<div class=\"elementor-element elementor-element-af095b0 elementor-widget elementor-widget-image\" data-id=\"af095b0\" data-element_type=\"widget\" data-e-type=\"widget\" data-widget_type=\"image.default\">\n\t\t\t\t\t\t\t\t\t\t\t\t\t\t\t\t<a href=\"https:\/\/caespicornell.barcelona\/es\/inicio\/\" target=\"_blank\" rel=\"noopener\">\n\t\t\t\t\t\t\t<img loading=\"lazy\" decoding=\"async\" width=\"800\" height=\"395\" src=\"https:\/\/www.mitjamarato.barcelona\/wp-content\/uploads\/2025\/11\/CAESP-Logo-original-de-CAESP.webp\" class=\"attachment-large size-large wp-image-900\" alt=\"\" srcset=\"https:\/\/www.mitjamarato.barcelona\/wp-content\/uploads\/2025\/11\/CAESP-Logo-original-de-CAESP.webp 1024w, https:\/\/www.mitjamarato.barcelona\/wp-content\/uploads\/2025\/11\/CAESP-Logo-original-de-CAESP-300x148.webp 300w, https:\/\/www.mitjamarato.barcelona\/wp-content\/uploads\/2025\/11\/CAESP-Logo-original-de-CAESP-768x380.webp 768w\" sizes=\"(max-width: 800px) 100vw, 800px\" \/>\t\t\t\t\t\t\t\t<\/a>\n\t\t\t\t\t\t\t\t\t\t\t\t\t\t\t<\/div>\n\t\t\t\t<div class=\"elementor-element elementor-element-b050056 elementor-widget elementor-widget-image\" data-id=\"b050056\" data-element_type=\"widget\" data-e-type=\"widget\" data-widget_type=\"image.default\">\n\t\t\t\t\t\t\t\t\t\t\t\t\t\t\t\t<a href=\"https:\/\/jodic.net\/\" target=\"_blank\" rel=\"noopener\">\n\t\t\t\t\t\t\t<img loading=\"lazy\" decoding=\"async\" width=\"411\" height=\"377\" src=\"https:\/\/www.mitjamarato.barcelona\/wp-content\/uploads\/2025\/11\/Imagotipo__1__page-0001-removebg-preview.webp\" class=\"attachment-large size-large wp-image-898\" alt=\"\" srcset=\"https:\/\/www.mitjamarato.barcelona\/wp-content\/uploads\/2025\/11\/Imagotipo__1__page-0001-removebg-preview.webp 411w, https:\/\/www.mitjamarato.barcelona\/wp-content\/uploads\/2025\/11\/Imagotipo__1__page-0001-removebg-preview-300x275.webp 300w\" sizes=\"(max-width: 411px) 100vw, 411px\" \/>\t\t\t\t\t\t\t\t<\/a>\n\t\t\t\t\t\t\t\t\t\t\t\t\t\t\t<\/div>\n\t\t\t\t<div class=\"elementor-element elementor-element-54a2a8f elementor-widget elementor-widget-image\" data-id=\"54a2a8f\" data-element_type=\"widget\" data-e-type=\"widget\" data-widget_type=\"image.default\">\n\t\t\t\t\t\t\t\t\t\t\t\t\t\t\t\t<a href=\"https:\/\/barcelona-voluntaria.blogspot.com\/\" target=\"_blank\" rel=\"noopener\">\n\t\t\t\t\t\t\t<img loading=\"lazy\" decoding=\"async\" width=\"800\" height=\"800\" src=\"https:\/\/www.mitjamarato.barcelona\/wp-content\/uploads\/2025\/11\/BARCELONA-VOLUNTARIA.webp\" class=\"attachment-large size-large wp-image-894\" alt=\"\" srcset=\"https:\/\/www.mitjamarato.barcelona\/wp-content\/uploads\/2025\/11\/BARCELONA-VOLUNTARIA.webp 980w, https:\/\/www.mitjamarato.barcelona\/wp-content\/uploads\/2025\/11\/BARCELONA-VOLUNTARIA-300x300.webp 300w, https:\/\/www.mitjamarato.barcelona\/wp-content\/uploads\/2025\/11\/BARCELONA-VOLUNTARIA-150x150.webp 150w, https:\/\/www.mitjamarato.barcelona\/wp-content\/uploads\/2025\/11\/BARCELONA-VOLUNTARIA-768x768.webp 768w\" sizes=\"(max-width: 800px) 100vw, 800px\" \/>\t\t\t\t\t\t\t\t<\/a>\n\t\t\t\t\t\t\t\t\t\t\t\t\t\t\t<\/div>\n\t\t\t\t<div class=\"elementor-element elementor-element-552c5bd elementor-widget elementor-widget-image\" data-id=\"552c5bd\" data-element_type=\"widget\" data-e-type=\"widget\" data-widget_type=\"image.default\">\n\t\t\t\t\t\t\t\t\t\t\t\t\t\t\t\t<a href=\"https:\/\/superaccio.org\/es\/\" target=\"_blank\" rel=\"noopener\">\n\t\t\t\t\t\t\t<img loading=\"lazy\" decoding=\"async\" width=\"300\" height=\"100\" src=\"https:\/\/www.mitjamarato.barcelona\/wp-content\/uploads\/2025\/11\/superaccio-logo.webp\" class=\"attachment-large size-large wp-image-896\" alt=\"\" \/>\t\t\t\t\t\t\t\t<\/a>\n\t\t\t\t\t\t\t\t\t\t\t\t\t\t\t<\/div>\n\t\t\t\t<\/div>\n\t\t\t\t<\/div>\n\t\t\t\t<\/div>\n\t\t\t\t<\/div>\n\t\t","protected":false},"excerpt":{"rendered":"<p>Voluntariado 2027 Los voluntarios, son la pieza clave de esta carrera. Gracias a ellos, podemos hacer posible una vez m\u00e1s, la Mitja Marat\u00f3 Barcelona. Queremos agradecer de antemano, a todos los voluntarios que el d\u00eda de la Mitja Marat\u00f3 Barcelona by Brooks, salen a las calles de Barcelona a ayudar en lo que haga falta [&hellip;]<\/p>\n","protected":false},"author":1,"featured_media":0,"parent":54,"menu_order":0,"comment_status":"closed","ping_status":"closed","template":"","meta":{"footnotes":""},"class_list":["post-61","page","type-page","status-publish","hentry"],"_links":{"self":[{"href":"https:\/\/www.mitjamarato.barcelona\/es\/wp-json\/wp\/v2\/pages\/61","targetHints":{"allow":["GET"]}}],"collection":[{"href":"https:\/\/www.mitjamarato.barcelona\/es\/wp-json\/wp\/v2\/pages"}],"about":[{"href":"https:\/\/www.mitjamarato.barcelona\/es\/wp-json\/wp\/v2\/types\/page"}],"author":[{"embeddable":true,"href":"https:\/\/www.mitjamarato.barcelona\/es\/wp-json\/wp\/v2\/users\/1"}],"replies":[{"embeddable":true,"href":"https:\/\/www.mitjamarato.barcelona\/es\/wp-json\/wp\/v2\/comments?post=61"}],"version-history":[{"count":10,"href":"https:\/\/www.mitjamarato.barcelona\/es\/wp-json\/wp\/v2\/pages\/61\/revisions"}],"predecessor-version":[{"id":15488,"href":"https:\/\/www.mitjamarato.barcelona\/es\/wp-json\/wp\/v2\/pages\/61\/revisions\/15488"}],"up":[{"embeddable":true,"href":"https:\/\/www.mitjamarato.barcelona\/es\/wp-json\/wp\/v2\/pages\/54"}],"wp:attachment":[{"href":"https:\/\/www.mitjamarato.barcelona\/es\/wp-json\/wp\/v2\/media?parent=61"}],"curies":[{"name":"wp","href":"https:\/\/api.w.org\/{rel}","templated":true}]}}