{"id":71,"date":"2025-10-27T22:41:43","date_gmt":"2025-10-27T21:41:43","guid":{"rendered":"https:\/\/www.mitjamarato.barcelona\/?page_id=71"},"modified":"2026-01-12T17:51:47","modified_gmt":"2026-01-12T16:51:47","slug":"aviso-legal","status":"publish","type":"page","link":"https:\/\/www.mitjamarato.barcelona\/es\/aviso-legal\/","title":{"rendered":"Aviso legal"},"content":{"rendered":"\t\t<div data-elementor-type=\"wp-page\" data-elementor-id=\"71\" class=\"elementor elementor-71\" data-elementor-post-type=\"page\">\n\t\t\t\t<div class=\"elementor-element elementor-element-c54e795 e-con-full e-flex e-con e-parent\" data-id=\"c54e795\" data-element_type=\"container\" data-e-type=\"container\" data-settings=\"{&quot;background_background&quot;:&quot;classic&quot;}\">\n\t\t<div class=\"elementor-element elementor-element-437a34b e-con-full e-flex e-con e-child\" data-id=\"437a34b\" data-element_type=\"container\" data-e-type=\"container\">\n\t\t\t\t<div class=\"elementor-element elementor-element-18a268d elementor-widget elementor-widget-heading\" data-id=\"18a268d\" data-element_type=\"widget\" data-e-type=\"widget\" data-widget_type=\"heading.default\">\n\t\t\t\t\t<h1 class=\"elementor-heading-title elementor-size-default\">Aviso legal<\/h1>\t\t\t\t<\/div>\n\t\t<div class=\"elementor-element elementor-element-997dc88 e-con-full e-flex e-con e-child\" data-id=\"997dc88\" data-element_type=\"container\" data-e-type=\"container\">\n\t\t\t\t<div class=\"elementor-element elementor-element-b0ada19 elementor-widget-divider--view-line elementor-widget elementor-widget-divider\" data-id=\"b0ada19\" data-element_type=\"widget\" data-e-type=\"widget\" data-widget_type=\"divider.default\">\n\t\t\t\t\t\t\t<div class=\"elementor-divider\">\n\t\t\t<span class=\"elementor-divider-separator\">\n\t\t\t\t\t\t<\/span>\n\t\t<\/div>\n\t\t\t\t\t\t<\/div>\n\t\t\t\t<div class=\"elementor-element elementor-element-c4822ee reglamento elementor-widget elementor-widget-text-editor\" data-id=\"c4822ee\" data-element_type=\"widget\" data-e-type=\"widget\" data-widget_type=\"text-editor.default\">\n\t\t\t\t\t\t\t\t\t<p><a id=\"articulo-1\" name=\"articulo-1\"><\/a><\/p>\n<p>Queremos que tu navegaci\u00f3n a trav\u00e9s de nuestro sitio web sea lo m\u00e1s segura, transparente y confortable posible. A continuaci\u00f3n, ponemos a tu disposici\u00f3n toda la informaci\u00f3n legal relativa al uso de nuestra plataforma.<\/p>\n<p><strong>IDENTIFICACI\u00d3N<\/strong><\/p>\n<p>A trav\u00e9s del presente documento ponemos a disposici\u00f3n de los Usuarios la informaci\u00f3n sobre la plataforma online https:\/\/www.mitjamarato.barcelona\/ (en adelante \u201c<strong>Plataforma<\/strong>\u201d).<\/p>\n<p>La titularidad de la Plataforma recae sobre:<\/p>\n<ul class=\"wp-block-list\">\n<li><a>Titular: RPM Racing S.L.U. (en adelante, \u201cRPM\u201d),<\/a><\/li>\n<li>NIF: B61514360<\/li>\n<li>Datos registrales: Registro Mercantil de Barcelona, tomo 48011, folio 115, hoja B-171.258, inscripci\u00f3n 1.<\/li>\n<li>Domicilio social: Av. Diagonal, 477. Planta 16. 08036, Barcelona (Espa\u00f1a)<\/li>\n<li>Correo electr\u00f3nico:\u00a0<a href=\"mailto:dpo@rpmsports.es\">dpo@rpmsports.es<\/a><\/li>\n<\/ul>\n<p>El acceso y uso de la Plataforma, implica la aceptaci\u00f3n expresa y sin reservas de todos los t\u00e9rminos y condiciones de uso del presente Aviso Legal, teniendo la misma validez y eficacia que cualquier contrato celebrado por escrito y firmado. Su observancia y cumplimiento ser\u00e1 exigible respecto de cualquier persona que acceda y use en la Plataforma. Si Ud. no est\u00e1 de acuerdo con los t\u00e9rminos expuestos, no acceda, ni use la misma.<\/p>\n<p>RPM se reserva el derecho a modificar la presentaci\u00f3n, configuraci\u00f3n y contenido de la Plataforma, as\u00ed como las condiciones requeridas para su acceso, y\/o utilizaci\u00f3n. El acceso, y\/o utilizaci\u00f3n de los servicios de la Plataforma tras la entrada en vigor de sus modificaciones o cambios suponen la aceptaci\u00f3n de los mismos.<\/p>\n<p>No obstante, el acceso, y la utilizaci\u00f3n de determinados servicios puede encontrarse sometido a determinadas condiciones particulares, que ser\u00e1n, en todo caso, claramente mostradas y deber\u00e1n ser aceptadas expresamente por parte de los usuarios. Estas condiciones particulares, podr\u00e1n sustituir, completar o, en su caso, modificar las presentes condiciones de uso particulares.<\/p>\n<p>RPM se reserva el derecho a modificar los t\u00e9rminos y condiciones aqu\u00ed estipuladas, total o parcialmente, publicando cualquier cambio en la misma forma en que aparecen estas condiciones de uso o a trav\u00e9s de cualquier tipo de comunicaci\u00f3n dirigida a los usuarios.<\/p>\n<p><strong>DESCRIPCI\u00d3N DE LA PLATAFORMA<\/strong><\/p>\n<p>RPM es una empresa de organizaci\u00f3n de eventos deportivos y editorial especializada en creaci\u00f3n de contenido enfocado en deportes.<\/p>\n<p>Para una mayor experiencia, para nuestro crecimiento de la como marca y para generar relaciones solidas con usted, usaremos sus datos de forma responsable. Como empresa, estamos comprometidos con la protecci\u00f3n de su privacidad y de sus datos personales. En este sentido, cumplimos \u00edntegramente con la legislaci\u00f3n vigente en materia de protecci\u00f3n de datos de car\u00e1cter personal.<\/p>\n<p><strong>DERECHOS DE PROPIEDAD INTELECTUAL E INDUSTRIAL<\/strong><\/p>\n<p><a>RPM\u00a0<\/a>es titular o, en su caso, cuenta con las licencias correspondientes sobre los derechos de explotaci\u00f3n de propiedad intelectual e industrial de la Plataforma, as\u00ed como de los derechos de propiedad intelectual e industrial sobre la informaci\u00f3n, materiales y contenidos de la misma.<\/p>\n<p>El Usuario dispone de un derecho de uso de los contenidos y servicios de la Web dentro de un \u00e1mbito estrictamente dom\u00e9stico.<\/p>\n<p>Las referencias a marcas o nombres comerciales registrados, u otros signos distintivos, ya sean titularidad de RPM o de terceras empresas, llevan impl\u00edcitas la prohibici\u00f3n sobre su uso sin el consentimiento de RPM o de sus leg\u00edtimos titulares.<\/p>\n<p>Quedan reservados todos los derechos de propiedad intelectual e industrial sobre los contenidos y\/o servicios de la\u00a0 Plataforma y, en particular, queda prohibido modificar, copiar, reproducir, comunicar p\u00fablicamente, transformar o distribuir, por cualquier medio y bajo cualquier forma, la totalidad o parte de los contenidos incluidos en la Plataforma, para prop\u00f3sitos p\u00fablicos o comerciales, si no se cuenta con la autorizaci\u00f3n previa, expresa y por escrito de RPM o, en su caso, del titular de los derechos correspondientes.<\/p>\n<p>En el caso de que el Usuario env\u00ede informaci\u00f3n de cualquier tipo a RPM a trav\u00e9s cualquiera de los canales habilitados al efecto, el Usuario declara, garantiza y acepta que tiene derecho a hacerlo libremente, que dicha informaci\u00f3n no infringe ning\u00fan derecho de propiedad intelectual, industrial, secreto comercial o cualesquiera otros derechos de terceros, y que dicha informaci\u00f3n no tiene car\u00e1cter confidencial ni es perjudicial para terceros.<\/p>\n<p>El Usuario reconoce asumir la responsabilidad, dejando indemne a RPM por cualquier comunicaci\u00f3n que suministre personalmente o a su nombre, alcanzando dicha responsabilidad sin restricci\u00f3n alguna la exactitud, legalidad, originalidad y titularidad de la misma.<\/p>\n<p><strong>ENLACES<\/strong><\/p>\n<p><strong>a) Enlaces a otras P\u00e1ginas Web<\/strong><\/p>\n<p>En relaci\u00f3n con los enlaces publicados, RPM se compromete a que el contenido de \u00e9stos cumpla con la normativa vigente, as\u00ed como con el Aviso Legal. RPM se compromete tambi\u00e9n a su retirada inmediata tan pronto se tenga conocimiento efectivo de que el contenido enlazado incumple en cualquier sentido con alguna de las indicaciones realizadas.\u00a0<\/p>\n<p>La inclusi\u00f3n de cualquier tipo de link desde la Plataforma a otra p\u00e1gina web ajena no implicar\u00e1 que exista alg\u00fan tipo de relaci\u00f3n, colaboraci\u00f3n o dependencia entre RPM y el responsable de la p\u00e1gina web ajena.<\/p>\n<p><strong>b) Enlaces en otras P\u00e1ginas Web con destino a RPM<\/strong><\/p>\n<p>RPM informa que no tiene ni la facultad ni medios humanos-t\u00e9cnicos para conocer, controlar ni aprobar toda la informaci\u00f3n, contenidos, productos o servicios facilitados por otros sitios web que tengan establecidos enlaces con destino a la Plataforma.<\/p>\n<p>Por ello, RPM no asume ning\u00fan tipo de responsabilidad por cualquier aspecto relativo a dichos enlaces, por ejemplo, en lo que respecta a su funcionamiento acceso, datos, informaci\u00f3n, archivos, calidad y fiabilidad de sus productos y servicios, sus propios enlaces y\/o cualquiera de sus contenidos en general.<\/p>\n<p><strong>USO NO AUTORIZADO DE LA WEB<\/strong><\/p>\n<p>No est\u00e1 permitido y, por tanto, sus consecuencias ser\u00e1n de la exclusiva responsabilidad del Usuario, el acceso o la utilizaci\u00f3n de la\u00a0<a>Plataforma\u00a0<\/a>con fines ilegales o no autorizados, con o sin finalidad econ\u00f3mica, y, m\u00e1s espec\u00edficamente y sin que el siguiente listado tenga car\u00e1cter absoluto, queda prohibido:<\/p>\n<ol class=\"wp-block-list\">\n<li>Usar la Plataforma en forma alguna que pueda provocar da\u00f1os, interrupciones, ineficiencias o defectos en su funcionalidad o en el dispositivo y\/u ordenador de un tercero;<\/li>\n<li>Usar la Plataforma para la transmisi\u00f3n, la instalaci\u00f3n o la publicaci\u00f3n de cualquier virus, c\u00f3digo malicioso u otros programas o archivos perjudiciales;<\/li>\n<li>Usar la Plataforma para recoger datos de car\u00e1cter personal de otros usuarios;<\/li>\n<li>Incluir datos de contacto falsos, suplantado a terceros, o realizando cualquier otra acci\u00f3n que pueda confundir sobre la identidad del Usuario;<\/li>\n<li>Quebrantar, o intentar quebrantar, las medidas de seguridad o autenticaci\u00f3n de la Plataforma o de cualquier red conectada a la misma, o las medidas de seguridad o protecci\u00f3n inherentes a los contenidos ofrecidos en la Plataforma;<\/li>\n<li>Llevar a cabo alguna acci\u00f3n que provoque una saturaci\u00f3n desproporcionada o innecesaria en la infraestructura de la Plataforma o en los sistemas o redes de RPM, as\u00ed como en los sistemas y redes conectados a la Plataforma; o<\/li>\n<li>Impedir el normal desarrollo de cualquier actividad disponible a trav\u00e9s de la Plataforma o cualesquiera de sus funcionalidades, ya sea alterando o tratando de alterar, ilegalmente o de cualquier otra forma, el acceso, o funcionamiento, o utilizando m\u00e9todos fraudulentos, mediante cualquier procedimiento, y\/o a trav\u00e9s de cualquier pr\u00e1ctica que atente o vulnere en modo alguno el presente Aviso Legal.<\/li>\n<\/ol>\n<p>El incumplimiento de cualquiera de las anteriores obligaciones por el Usuario, podr\u00e1 llevar aparejada la adopci\u00f3n por RPM de las medidas oportunas amparadas en Derecho y en el ejercicio de sus derechos u obligaciones, pudiendo llegar al bloqueo de la participaci\u00f3n del Usuario infractor, sin que medie posibilidad de indemnizaci\u00f3n alguna por los da\u00f1os y perjuicios causados.<\/p>\n<p><strong>RESPONSABILIDADES Y GARANT\u00cdAS<\/strong><\/p>\n<p>RPM no puede garantizar la fiabilidad, utilidad o veracidad de absolutamente toda la informaci\u00f3n y\/o de los servicios de la Plataforma, ni tampoco de la utilidad o veracidad de la documentaci\u00f3n puesta a disposici\u00f3n a trav\u00e9s de la misma.<\/p>\n<p>En consecuencia, RPM no garantiza ni se hace responsable de: (i) la continuidad de la Plataforma; (ii) la ausencia de errores en la misma; (iii) la ausencia de virus y\/o dem\u00e1s componentes da\u00f1inos en la Plataforma o en el servidor que lo suministra; (iv) la invulnerabilidad de la Plataforma y\/o la imposibilidad de vulnerar las medidas de seguridad que se adopten en la misma; (v) la falta de utilidad o rendimiento de los contenidos de la Web; y (vi) los da\u00f1os o perjuicios que cause, a s\u00ed mismo o a un tercero, cualquier persona que infringiera las condiciones, normas e instrucciones que RPM establecen en la Plataforma o a trav\u00e9s de la vulneraci\u00f3n de los sistemas de seguridad de dicha Plataforma.<\/p>\n<p>No obstante, RPM manifiesta haber adoptado todas las medidas organizativas y t\u00e9cnicas necesarias, dentro de sus posibilidades y del estado de la t\u00e9cnica, para garantizar el funcionamiento de la Plataforma y reducir al m\u00ednimo los errores del sistema, tanto desde el punto de vista t\u00e9cnico, como de los contenidos publicados en la Plataforma.<\/p>\n<p>Si alguno de los Usuarios no cumple alguna de sus obligaciones impuestas u obstaculiza el cumplimiento por la otra parte de las suyas, deber\u00e1 responder por los da\u00f1os y perjuicios causados, tanto por da\u00f1o emergente como por lucro cesante.<\/p>\n<p>En todo caso, RPM se reserva el derecho a suspender, modificar, restringir o interrumpir, temporal o permanentemente, el acceso y\/o uso de servicios de la Plataforma, con o sin previa notificaci\u00f3n, a los Usuarios que contravengan cualquiera de las disposiciones detalladas en las presentes condiciones de uso, sin que medie posibilidad del Usuario de exigir indemnizaci\u00f3n alguna por esta causa.<\/p>\n<p><strong>POL\u00cdTICA DE PRIVACIDAD Y COOKIES<\/strong><\/p>\n<p>De conformidad con lo dispuesto por la legislaci\u00f3n vigente y aplicable en materia de Protecci\u00f3n de Datos de Car\u00e1cter Personal, todos los datos de car\u00e1cter personal facilitados durante el acceso y uso de la Plataforma ser\u00e1n tratados de conformidad con los dispuesto en la\u00a0<a title=\"\" href=\"https:\/\/www.mitjamarato.barcelona\/es\/politica-privacidad\/\">Pol\u00edtica de Privacidad<\/a>\u00a0que todo Usuario debe aceptar expresamente para poder acceder y utilizar la Plataforma.<\/p>\n<p>Todo Usuario que acepte el presente Aviso Legal, acepta de forma informada, expresa e inequ\u00edvoca nuestra Pol\u00edtica de Privacidad y\u00a0<a title=\"\" href=\"https:\/\/www.mitjamarato.barcelona\/es\/politica-de-cookies\/\">Pol\u00edtica de Cookies<\/a>, pudiendo ejercer los derechos que en esta materia le corresponden, seg\u00fan se informa en las mencionadas Pol\u00edticas.<\/p>\n<p><strong>COMPETENCIA Y FUERO\u00a0<\/strong><strong>APLICABLE<\/strong><\/p>\n<p>Todas las cl\u00e1usulas o apartados de los presentes t\u00e9rminos y condiciones deben ser interpretadas de forma independiente y aut\u00f3noma, no vi\u00e9ndose afectadas el resto de las estipulaciones en caso de que una de ellas haya sido declarada nula o inaplicable por sentencia judicial o resoluci\u00f3n arbitral firme. Se sustituir\u00e1 la cl\u00e1usula o cl\u00e1usulas afectadas por otra u otras que preserven los efectos perseguidos por las condiciones de uso.<\/p>\n<p>El no ejercicio o ejecuci\u00f3n por parte del RPM de cualquier derecho o disposici\u00f3n contenido en el Aviso Legal no constituir\u00e1 una renuncia al mismo, salvo reconocimiento y acuerdo por escrito por su parte.<\/p>\n<p>Con independencia de la localizaci\u00f3n geogr\u00e1fica del Usuario o su nacionalidad, y siempre que la normativa prevea la posibilidad para las partes de someterse a un fuero determinado, para toda cuesti\u00f3n litigiosa o conflicto que incumba a la Plataforma, ser\u00e1 de aplicaci\u00f3n la legislaci\u00f3n espa\u00f1ola vigente en el momento del litigio, siendo competentes para la resoluci\u00f3n de todos los conflictos derivados o relacionados con el uso de la Plataforma los Juzgados y Tribunales de Barcelona (Espa\u00f1a) y en su caso, los Tribunales Arbitrales de consumo o semejantes a los que nos encontremos adheridos, en el momento de producirse la controversia.<\/p>\n<p>Para presentar reclamaciones en el uso de nuestros servicios puedes dirigirte por correo a la direcci\u00f3n electr\u00f3nica o f\u00edsica indicada en el apartado introductorio, comprometi\u00e9ndonos a atender absolutamente todas las notificaciones que recibamos en este sentido.<\/p>\n<p><strong>Actualizado a mayo 2025<\/strong><\/p>\t\t\t\t\t\t\t\t<\/div>\n\t\t\t\t<\/div>\n\t\t\t\t<\/div>\n\t\t\t\t<\/div>\n\t\t\t\t<\/div>\n\t\t","protected":false},"excerpt":{"rendered":"<p>Queremos que tu navegaci\u00f3n a trav\u00e9s de nuestro sitio web sea lo m\u00e1s segura, transparente y confortable posible. A continuaci\u00f3n, ponemos a tu disposici\u00f3n toda la informaci\u00f3n legal relativa al uso de nuestra plataforma. IDENTIFICACI\u00d3N A trav\u00e9s del presente documento ponemos a disposici\u00f3n de los Usuarios la informaci\u00f3n sobre la plataforma online https:\/\/www.mitjamarato.barcelona\/ (en adelante [&hellip;]<\/p>\n","protected":false},"author":1,"featured_media":0,"parent":0,"menu_order":0,"comment_status":"closed","ping_status":"closed","template":"","meta":{"footnotes":""},"class_list":["post-71","page","type-page","status-publish","hentry"],"_links":{"self":[{"href":"https:\/\/www.mitjamarato.barcelona\/es\/wp-json\/wp\/v2\/pages\/71","targetHints":{"allow":["GET"]}}],"collection":[{"href":"https:\/\/www.mitjamarato.barcelona\/es\/wp-json\/wp\/v2\/pages"}],"about":[{"href":"https:\/\/www.mitjamarato.barcelona\/es\/wp-json\/wp\/v2\/types\/page"}],"author":[{"embeddable":true,"href":"https:\/\/www.mitjamarato.barcelona\/es\/wp-json\/wp\/v2\/users\/1"}],"replies":[{"embeddable":true,"href":"https:\/\/www.mitjamarato.barcelona\/es\/wp-json\/wp\/v2\/comments?post=71"}],"version-history":[{"count":0,"href":"https:\/\/www.mitjamarato.barcelona\/es\/wp-json\/wp\/v2\/pages\/71\/revisions"}],"wp:attachment":[{"href":"https:\/\/www.mitjamarato.barcelona\/es\/wp-json\/wp\/v2\/media?parent=71"}],"curies":[{"name":"wp","href":"https:\/\/api.w.org\/{rel}","templated":true}]}}