{"id":73,"date":"2025-10-27T22:42:02","date_gmt":"2025-10-27T21:42:02","guid":{"rendered":"https:\/\/www.mitjamarato.barcelona\/?page_id=73"},"modified":"2026-01-13T09:55:24","modified_gmt":"2026-01-13T08:55:24","slug":"politica-de-cookies","status":"publish","type":"page","link":"https:\/\/www.mitjamarato.barcelona\/es\/politica-de-cookies\/","title":{"rendered":"Pol\u00edtica de cookies"},"content":{"rendered":"\t\t<div data-elementor-type=\"wp-page\" data-elementor-id=\"73\" class=\"elementor elementor-73\" data-elementor-post-type=\"page\">\n\t\t\t\t<div class=\"elementor-element elementor-element-019254c e-con-full e-flex e-con e-parent\" data-id=\"019254c\" data-element_type=\"container\" data-e-type=\"container\" data-settings=\"{&quot;background_background&quot;:&quot;classic&quot;}\">\n\t\t<div class=\"elementor-element elementor-element-0559afe e-con-full e-flex e-con e-child\" data-id=\"0559afe\" data-element_type=\"container\" data-e-type=\"container\">\n\t\t\t\t<div class=\"elementor-element elementor-element-77f0f50 elementor-widget elementor-widget-heading\" data-id=\"77f0f50\" data-element_type=\"widget\" data-e-type=\"widget\" data-widget_type=\"heading.default\">\n\t\t\t\t\t<h1 class=\"elementor-heading-title elementor-size-default\">Pol\u00edtica de cookies<\/h1>\t\t\t\t<\/div>\n\t\t<div class=\"elementor-element elementor-element-68cd3df e-con-full e-flex e-con e-child\" data-id=\"68cd3df\" data-element_type=\"container\" data-e-type=\"container\">\n\t\t\t\t<div class=\"elementor-element elementor-element-f53ef00 elementor-widget-divider--view-line elementor-widget elementor-widget-divider\" data-id=\"f53ef00\" data-element_type=\"widget\" data-e-type=\"widget\" data-widget_type=\"divider.default\">\n\t\t\t\t\t\t\t<div class=\"elementor-divider\">\n\t\t\t<span class=\"elementor-divider-separator\">\n\t\t\t\t\t\t<\/span>\n\t\t<\/div>\n\t\t\t\t\t\t<\/div>\n\t\t\t\t<div class=\"elementor-element elementor-element-01b1332 reglamento elementor-widget elementor-widget-text-editor\" data-id=\"01b1332\" data-element_type=\"widget\" data-e-type=\"widget\" data-widget_type=\"text-editor.default\">\n\t\t\t\t\t\t\t\t\t<p>Esta Pol\u00edtica de Cookies es parte integrante de las Condiciones de Uso y la Pol\u00edtica de Privacidad de la p\u00e1gina web https:\/\/www.mitjamarato.barcelona\/ (en adelante, el \u201c<strong>P\u00e1gina Web<\/strong>\u201d). El acceso y la navegaci\u00f3n en la P\u00e1gina Web, o el uso de los servicios del mismo, implican la aceptaci\u00f3n de los t\u00e9rminos y condiciones recogidos en el\u00a0<a href=\"https:\/\/www.mitjamarato.barcelona\/es\/aviso-legal\/\">Aviso<\/a>\u00a0Legal.<\/p><p>Con el fin de facilitarte la navegaci\u00f3n por la P\u00e1gina Web de RPM Racing S.L.U. (en adelante, \u201c<strong>RPM<\/strong>\u201d), con domicilio social en Avenida Diagonal 477 16\u00aa planta, 08036, Barcelona con N.I.F B-61514360, te comunicamos que la P\u00e1gina Web utiliza cookies u otros dispositivos de almacenamiento y recuperaci\u00f3n de datos de funcionalidad similar (en adelante, las \u201c<strong>Cookies<\/strong>\u201d).<\/p><p>En este sentido, y con el objetivo de garantizar al Usuario (en adelante, el \u201c<strong>Usuario<\/strong>\u201d) toda la informaci\u00f3n necesaria para su correcta navegaci\u00f3n, ponemos a tu disposici\u00f3n el siguiente texto informativo sobre qu\u00e9 son las Cookies, qu\u00e9 tipolog\u00eda de cookies existen en nuestra P\u00e1gina Web y c\u00f3mo configurarlas o deshabilitarlas.<\/p><p><strong>\u00bfQu\u00e9 es una Cookie?<\/strong><\/p><p>Las Cookies son archivos que contienen peque\u00f1as cantidades de informaci\u00f3n que se descargan en el dispositivo del Usuario cuando visita una p\u00e1gina web. Su finalidad principal es reconocer al Usuario cada vez que accede a la P\u00e1gina Web permitiendo, adem\u00e1s, mejorar la calidad y ofrecer un mejor uso de la misma.<\/p><p>Las Cookies son esenciales para el funcionamiento de Internet; no pueden da\u00f1ar el equipo\/dispositivo del Usuario y, si se encuentran activadas en la configuraci\u00f3n del navegador, ayudan a identificar y resolver posibles errores de funcionamiento de la P\u00e1gina Web.<\/p><p><strong>Uso de Cookies por parte de RPM<\/strong><\/p><p>Mediante la aceptaci\u00f3n del banner de cookies que aparece al comienzo de la navegaci\u00f3n en la P\u00e1gina Web o mediante la configuraci\u00f3n de las cookies, el Usuario acepta de manera expresa la utilizaci\u00f3n de determinadas Cookies en sus dispositivos. Si desactivas las Cookies, puede que algunas de las utilidades de que dispone el Sitio Web no funcionen correctamente.<\/p><p>Concretamente, RPM est\u00e1 utilizando las Cookies para las finalidades que a continuaci\u00f3n se exponen. Si en un futuro el prestador utilizase otras con el prop\u00f3sito de otorgar m\u00e1s y mejores servicios, se informar\u00e1 al Usuario de ello.<\/p><ul class=\"wp-block-list\"><li><strong>Cookies t\u00e9cnicas<\/strong><\/li><\/ul><p>Son aquellas que permiten al usuario la navegaci\u00f3n a trav\u00e9s del Sitio Web y la utilizaci\u00f3n de las diferentes opciones o servicios que en ella existan como, por ejemplo, controlar el tr\u00e1fico y la comunicaci\u00f3n de datos, identificar la sesi\u00f3n, acceder a partes de acceso restringido, recordar los elementos que integran un pedido, realizar el proceso de compra de un pedido, gestionar el pago, controlar el fraude vinculado a la seguridad del servicio, gestionar la inscripci\u00f3n a eventos, contar visitas a efectos de la facturaci\u00f3n de licencias del software con el que funciona el servicio (sitio web, plataforma o aplicaci\u00f3n), utilizar elementos de seguridad durante la navegaci\u00f3n, almacenar contenidos para la difusi\u00f3n de v\u00eddeos o sonido, habilitar contenidos din\u00e1micos (por ejemplo, animaci\u00f3n de carga de un texto o imagen) o compartir contenidos a trav\u00e9s de redes sociales.<\/p><p>RPM no necesita su consentimiento para instalar en su dispositivo las cookies que sean necesarias para activar las funcionalidades del Sitio Web, y su uso se basa en la necesidad de prestar los servicios solicitados. Si desactiva o bloquea todas las cookies de su navegador, puede que su navegaci\u00f3n por el Sitio Web no sea \u00f3ptima y algunas de las utilidades de que dispone el Sitio Web no funcionen correctamente.<\/p><ul class=\"wp-block-list\"><li><strong>Cookies funcionales<\/strong><\/li><\/ul><p>Son aqu\u00e9llas que permiten recordar informaci\u00f3n para que el usuario acceda al servicio con determinadas caracter\u00edsticas que pueden diferenciar su experiencia de la de otros usuarios, como, por ejemplo, el idioma, el n\u00famero de resultados a mostrar cuando el usuario realiza una b\u00fasqueda, el aspecto o contenido del servicio en funci\u00f3n del tipo de navegador a trav\u00e9s del cual el usuario accede al servicio o de la regi\u00f3n desde la que accede al servicio, etc. Si es el propio usuario quien elige esas caracter\u00edsticas (por ejemplo, si selecciona el idioma de un sitio web clicando en el icono de la bandera del pa\u00eds correspondiente), las cookies ser\u00e1n consideradas como un servicio expresamente solicitado por el usuario, y por ello se utilizar\u00e1n exclusivamente para la finalidad seleccionada y sin solicitar su consentimiento expreso.<\/p><ul class=\"wp-block-list\"><li><strong>Cookies de publicidad<\/strong><\/li><\/ul><p>Estas cookies se utilizan para mostrar anuncios que sean relevantes para el usuario. Tambi\u00e9n se utilizan para limitar el n\u00famero de veces que el usuario ve un anuncio, as\u00ed como para ayudar a medir la eficacia de las campa\u00f1as publicitarias. Recuerdan que has visitado un sitio web y esta informaci\u00f3n se comparte con otras organizaciones como los anunciantes.<\/p><p><strong>Plazos de Conservaci\u00f3n<\/strong><\/p><p>Las cookies utilizadas por RPM ser\u00e1n conservadas en su dispositivo durante el tiempo necesario para la finalidad por la que fueron instaladas, y como m\u00e1ximo, durante el tiempo establecido en la tabla anterior, salvo que usted decida eliminarlas a trav\u00e9s de las opciones de configuraci\u00f3n de su navegador (ver siguiente apartado de esta pol\u00edtica).<\/p><p><strong>Transferencias Internacionales<\/strong><\/p><p>Algunos de los datos personales obtenidos a trav\u00e9s de cookies de terceros ser\u00e1n objeto de transferencias internacionales, en cuyo caso le garantizamos que se adoptar\u00e1n las garant\u00edas necesarias para proteger la confidencialidad, integridad y disponibilidad de la misma. Para obtener m\u00e1s informaci\u00f3n sobre las transferencias internacionales realizada por cada tercero, acceda a sus pol\u00edticas de privacidad mostradas en la presente pol\u00edtica de cookies.<\/p><p><strong>C\u00f3mo aceptar, rechazar, bloquear o eliminar cookies<\/strong><\/p><p>Puede aceptar o rechazar las cookies en cualquier momento accediendo de nuevo a nuestro panel de preferencias.<\/p><p>Puede bloquear o eliminar las Cookies a trav\u00e9s de las herramientas de configuraci\u00f3n del navegador, o bien, puede configurar su navegador para que le avise cuando un servidor quiera guardar una Cookie:<\/p><ul class=\"wp-block-list\"><li>Si utiliza Microsoft Internet Explorer, encontrar\u00e1 la opci\u00f3n en el men\u00fa Herramientas &gt; Opciones de Internet &gt; Privacidad &gt; Configuraci\u00f3n. Para saber m\u00e1s visite:\u00a0<a href=\"https:\/\/support.microsoft.com\/es-es\/help\/278835\/how-to-delete-cookie-files-in-internet-explorer\" target=\"_blank\" rel=\"noopener\">https:\/\/support.microsoft.com\/es-es\/help\/278835\/how-to-delete-cookie-files-in-internet-explorer<\/a>.<\/li><li>Si utiliza Firefox, encontrar\u00e1 la opci\u00f3n en el men\u00fa Herramientas &gt; Opciones &gt; Privacidad &gt; Cookies. Para saber m\u00e1s visite:\u00a0<a href=\"https:\/\/www.mozilla.org\/es-ES\/privacy\/websites\/#cookies\" target=\"_blank\" rel=\"noopener\">https:\/\/www.mozilla.org\/es-ES\/privacy\/websites\/#cookies<\/a><\/li><li>Si utiliza Chrome, en la secci\u00f3n de Opciones &gt; Opciones avanzadas &gt; Privacidad. Para saber m\u00e1s:\u00a0<a href=\"https:\/\/support.google.com\/accounts\/answer\/61416?hl=es\" target=\"_blank\" rel=\"noopener\">https:\/\/support.google.com\/accounts\/answer\/61416?hl=es<\/a><\/li><li>Si utiliza Opera, en la opci\u00f3n de Seguridad y Privacidad, podr\u00e1 configurar el navegador. Para saber m\u00e1s visite:\u00a0<a href=\"http:\/\/help.opera.com\/Windows\/11.50\/es-ES\/cookies.html\" target=\"_blank\" rel=\"noopener\">http:\/\/help.opera.com\/Windows\/11.50\/es-ES\/cookies.html<\/a><\/li><li>Si utiliza Safari encontrar\u00e1 la opci\u00f3n en el men\u00fa Preferencias\/Privacidad. M\u00e1s informaci\u00f3n en:\u00a0<a href=\"http:\/\/support.apple.com\/kb\/HT1677?viewlocale=es_ES\" target=\"_blank\" rel=\"noopener\">http:\/\/support.apple.com\/kb\/HT1677?viewlocale=es_ES<\/a><\/li><\/ul><p><strong>Notificaciones en el navegador<\/strong><\/p><p>Si has aceptado, al iniciar tu navegaci\u00f3n en el sitio web, recibir notificaciones a trav\u00e9s de la ventana emergente, RPM podr\u00e1 enviarte notificaciones emergentes sobre noticias y contenido relevante sobre su objeto social. Puedes configurar estas notificaciones emergentes, tanto de RPM como de otros sitios web, a trav\u00e9s de la configuraci\u00f3n u opciones de tu navegador.<\/p><p><strong>Derechos de los Usuarios e Informaci\u00f3n Adicional<\/strong><\/p><p>Puede obtener m\u00e1s informaci\u00f3n sobre el tratamiento de sus datos realizado por RPM, as\u00ed como sobre el modo de ejercitar sus derechos en nuestra\u00a0<a href=\"https:\/\/www.mitjamarato.barcelona\/es\/politica-privacidad\/\">Pol\u00edtica de Privacidad<\/a>.<\/p><p>Tambi\u00e9n puede contactar con RPM en el email:\u00a0<a href=\"mailto:dpo@rpmsports.es\">dpo@rpmsports.es<\/a><\/p><p><strong>Actualizado a mayo 2025<\/strong><\/p>\t\t\t\t\t\t\t\t<\/div>\n\t\t\t\t<\/div>\n\t\t\t\t<\/div>\n\t\t\t\t<\/div>\n\t\t\t\t<\/div>\n\t\t","protected":false},"excerpt":{"rendered":"<p>Esta Pol\u00edtica de Cookies es parte integrante de las Condiciones de Uso y la Pol\u00edtica de Privacidad de la p\u00e1gina web https:\/\/www.mitjamarato.barcelona\/ (en adelante, el \u201cP\u00e1gina Web\u201d). El acceso y la navegaci\u00f3n en la P\u00e1gina Web, o el uso de los servicios del mismo, implican la aceptaci\u00f3n de los t\u00e9rminos y condiciones recogidos en el\u00a0Aviso\u00a0Legal. [&hellip;]<\/p>\n","protected":false},"author":1,"featured_media":0,"parent":0,"menu_order":0,"comment_status":"closed","ping_status":"closed","template":"","meta":{"footnotes":""},"class_list":["post-73","page","type-page","status-publish","hentry"],"_links":{"self":[{"href":"https:\/\/www.mitjamarato.barcelona\/es\/wp-json\/wp\/v2\/pages\/73","targetHints":{"allow":["GET"]}}],"collection":[{"href":"https:\/\/www.mitjamarato.barcelona\/es\/wp-json\/wp\/v2\/pages"}],"about":[{"href":"https:\/\/www.mitjamarato.barcelona\/es\/wp-json\/wp\/v2\/types\/page"}],"author":[{"embeddable":true,"href":"https:\/\/www.mitjamarato.barcelona\/es\/wp-json\/wp\/v2\/users\/1"}],"replies":[{"embeddable":true,"href":"https:\/\/www.mitjamarato.barcelona\/es\/wp-json\/wp\/v2\/comments?post=73"}],"version-history":[{"count":0,"href":"https:\/\/www.mitjamarato.barcelona\/es\/wp-json\/wp\/v2\/pages\/73\/revisions"}],"wp:attachment":[{"href":"https:\/\/www.mitjamarato.barcelona\/es\/wp-json\/wp\/v2\/media?parent=73"}],"curies":[{"name":"wp","href":"https:\/\/api.w.org\/{rel}","templated":true}]}}