{"id":77,"date":"2025-10-27T22:42:54","date_gmt":"2025-10-27T21:42:54","guid":{"rendered":"https:\/\/www.mitjamarato.barcelona\/?page_id=77"},"modified":"2026-01-13T09:43:40","modified_gmt":"2026-01-13T08:43:40","slug":"politica-de-app","status":"publish","type":"page","link":"https:\/\/www.mitjamarato.barcelona\/es\/politica-de-app\/","title":{"rendered":"Pol\u00edtica de App"},"content":{"rendered":"\t\t<div data-elementor-type=\"wp-page\" data-elementor-id=\"77\" class=\"elementor elementor-77\" data-elementor-post-type=\"page\">\n\t\t\t\t<div class=\"elementor-element elementor-element-7d1f213 e-con-full e-flex e-con e-parent\" data-id=\"7d1f213\" data-element_type=\"container\" data-e-type=\"container\" data-settings=\"{&quot;background_background&quot;:&quot;classic&quot;}\">\n\t\t<div class=\"elementor-element elementor-element-c38a9bc e-con-full e-flex e-con e-child\" data-id=\"c38a9bc\" data-element_type=\"container\" data-e-type=\"container\">\n\t\t\t\t<div class=\"elementor-element elementor-element-df8c3fa elementor-widget elementor-widget-heading\" data-id=\"df8c3fa\" data-element_type=\"widget\" data-e-type=\"widget\" data-widget_type=\"heading.default\">\n\t\t\t\t\t<h1 class=\"elementor-heading-title elementor-size-default\">Pol\u00edtica de App<\/h1>\t\t\t\t<\/div>\n\t\t<div class=\"elementor-element elementor-element-495459a e-con-full e-flex e-con e-child\" data-id=\"495459a\" data-element_type=\"container\" data-e-type=\"container\">\n\t\t\t\t<div class=\"elementor-element elementor-element-d70d0ed elementor-widget-divider--view-line elementor-widget elementor-widget-divider\" data-id=\"d70d0ed\" data-element_type=\"widget\" data-e-type=\"widget\" data-widget_type=\"divider.default\">\n\t\t\t\t\t\t\t<div class=\"elementor-divider\">\n\t\t\t<span class=\"elementor-divider-separator\">\n\t\t\t\t\t\t<\/span>\n\t\t<\/div>\n\t\t\t\t\t\t<\/div>\n\t\t\t\t<div class=\"elementor-element elementor-element-34e3608 reglamento elementor-widget elementor-widget-text-editor\" data-id=\"34e3608\" data-element_type=\"widget\" data-e-type=\"widget\" data-widget_type=\"text-editor.default\">\n\t\t\t\t\t\t\t\t\t<h2><strong>POL\u00cdTICA DE PRIVACIDAD DE LA APP<\/strong>\u00a0<strong><em>\u00abeDreams Mitja Marat\u00f3 Barcelona by Brooks\u00bb<\/em><\/strong><\/h2><h3><strong>Informaci\u00f3n sobre ubicaci\u00f3n<\/strong><\/h3><p>Recopilamos y procesamos informaci\u00f3n sobre localizaci\u00f3n cuando usted se inscribe y hace uso de los servicios Acorde a nuestra pol\u00edtica de privacidad (Privacy policy) no hacemos un seguimiento de la ubicaci\u00f3n de su dispositivo mientras usted no est\u00e1 usando la app pero, para poder proporcionar los servicios b\u00e1sicos de cronometraje es necesario hacer un seguimiento de la ubicaci\u00f3n de su dispositivo mientras usted usa la app. Si desea detener el seguimiento de la ubicaci\u00f3n de su dispositivo, puede hacerlo en cualquier momento ajustando la configuraci\u00f3n de su dispositivo.<\/p><h3><strong>Informaci\u00f3n que el usuario comparte.<\/strong><\/h3><p>Esta app requiere los permisos de la c\u00e1mara si el usuario esta interesado en subir una foto a la galer\u00eda. Recopilamos informaci\u00f3n a partir de las fotos que usted comparte.<\/p><p>Esta app no requiere informaci\u00f3n de sus contactos.<\/p><h3><strong>Informaci\u00f3n sobre pagos<\/strong><\/h3><p>No se hace ning\u00fan tipo de pago dentro de la app, por lo que no se recopilar\u00e1 ning\u00fan tipo de informaci\u00f3n acerca de sus tarjetas de cr\u00e9dito o d\u00e9bito.<\/p>\t\t\t\t\t\t\t\t<\/div>\n\t\t\t\t<\/div>\n\t\t\t\t<\/div>\n\t\t\t\t<\/div>\n\t\t\t\t<\/div>\n\t\t","protected":false},"excerpt":{"rendered":"<p>POL\u00cdTICA DE PRIVACIDAD DE LA APP\u00a0\u00abeDreams Mitja Marat\u00f3 Barcelona by Brooks\u00bb Informaci\u00f3n sobre ubicaci\u00f3n Recopilamos y procesamos informaci\u00f3n sobre localizaci\u00f3n cuando usted se inscribe y hace uso de los servicios Acorde a nuestra pol\u00edtica de privacidad (Privacy policy) no hacemos un seguimiento de la ubicaci\u00f3n de su dispositivo mientras usted no est\u00e1 usando la app [&hellip;]<\/p>\n","protected":false},"author":1,"featured_media":0,"parent":0,"menu_order":0,"comment_status":"closed","ping_status":"closed","template":"","meta":{"footnotes":""},"class_list":["post-77","page","type-page","status-publish","hentry"],"_links":{"self":[{"href":"https:\/\/www.mitjamarato.barcelona\/es\/wp-json\/wp\/v2\/pages\/77","targetHints":{"allow":["GET"]}}],"collection":[{"href":"https:\/\/www.mitjamarato.barcelona\/es\/wp-json\/wp\/v2\/pages"}],"about":[{"href":"https:\/\/www.mitjamarato.barcelona\/es\/wp-json\/wp\/v2\/types\/page"}],"author":[{"embeddable":true,"href":"https:\/\/www.mitjamarato.barcelona\/es\/wp-json\/wp\/v2\/users\/1"}],"replies":[{"embeddable":true,"href":"https:\/\/www.mitjamarato.barcelona\/es\/wp-json\/wp\/v2\/comments?post=77"}],"version-history":[{"count":0,"href":"https:\/\/www.mitjamarato.barcelona\/es\/wp-json\/wp\/v2\/pages\/77\/revisions"}],"wp:attachment":[{"href":"https:\/\/www.mitjamarato.barcelona\/es\/wp-json\/wp\/v2\/media?parent=77"}],"curies":[{"name":"wp","href":"https:\/\/api.w.org\/{rel}","templated":true}]}}